{"id":7104,"date":"2025-06-24T17:41:32","date_gmt":"2025-06-24T15:41:32","guid":{"rendered":"https:\/\/dianadelajara.com\/?page_id=7104"},"modified":"2025-06-25T19:17:35","modified_gmt":"2025-06-25T17:17:35","slug":"fotos-bulldog-frances","status":"publish","type":"page","link":"https:\/\/dianadelajara.com\/pt\/fotos-bulldog-frances\/","title":{"rendered":"Fotos Bulldog Franc\u00e9s"},"content":{"rendered":"<p>Galer\u00eda de fotos Bulldog Frances, las \u00faltimas fotos tomadas a nuestros cachorritos de Bulldog Franc\u00e9s, tambi\u00e9n conocidos como <em>frenchies<\/em>.<\/p>\n\n\n\n<div class=\"wp-block-image-gallery-block-image-gallery-block\"><div class=\"eb-parent-wrapper eb-parent-eb-image-gallery-snaal\"><div class=\"eb-gallery-img-wrapper eb-image-gallery-snaal grid overlay-bottom caption-style-0   no-isotope\" data-id=\"eb-image-gallery-snaal\"><a href=\"https:\/\/dianadelajara.com\/wp-content\/uploads\/2025\/06\/image00041.jpeg\" rel=\"noopener\" data-fslightbox=\"gallery\" data-type=\"image\" class=\"eb-gallery-img-content eb-filter-img-\"><span class=\"eb-gallery-link-wrapper\"><img decoding=\"async\" class=\"eb-gallery-img\" src=\"https:\/\/dianadelajara.com\/wp-content\/uploads\/2025\/06\/image00041.jpeg\" image-index=\"0\" alt=\"Bulldog Franc\u00e9s - Diana de la Jara\"\/><\/span><\/a><a href=\"https:\/\/dianadelajara.com\/wp-content\/uploads\/2025\/06\/image00036.jpeg\" rel=\"noopener\" data-fslightbox=\"gallery\" data-type=\"image\" class=\"eb-gallery-img-content eb-filter-img-\"><span class=\"eb-gallery-link-wrapper\"><img decoding=\"async\" class=\"eb-gallery-img\" src=\"https:\/\/dianadelajara.com\/wp-content\/uploads\/2025\/06\/image00036.jpeg\" image-index=\"1\" alt=\"Bulldog Franc\u00e9s - Diana de la Jara\"\/><\/span><\/a><a href=\"https:\/\/dianadelajara.com\/wp-content\/uploads\/2025\/06\/image00038.jpeg\" rel=\"noopener\" data-fslightbox=\"gallery\" data-type=\"image\" class=\"eb-gallery-img-content eb-filter-img-\"><span class=\"eb-gallery-link-wrapper\"><img decoding=\"async\" class=\"eb-gallery-img\" src=\"https:\/\/dianadelajara.com\/wp-content\/uploads\/2025\/06\/image00038.jpeg\" image-index=\"2\" alt=\"Bulldog Franc\u00e9s - Diana de la Jara\"\/><\/span><\/a><a href=\"https:\/\/dianadelajara.com\/wp-content\/uploads\/2025\/06\/image00039.jpeg\" rel=\"noopener\" data-fslightbox=\"gallery\" data-type=\"image\" class=\"eb-gallery-img-content eb-filter-img-\"><span class=\"eb-gallery-link-wrapper\"><img decoding=\"async\" class=\"eb-gallery-img\" src=\"https:\/\/dianadelajara.com\/wp-content\/uploads\/2025\/06\/image00039.jpeg\" image-index=\"3\" alt=\"Bulldog Franc\u00e9s - Diana de la Jara\"\/><\/span><\/a><a href=\"https:\/\/dianadelajara.com\/wp-content\/uploads\/2025\/06\/image00040.jpeg\" rel=\"noopener\" data-fslightbox=\"gallery\" data-type=\"image\" class=\"eb-gallery-img-content eb-filter-img-\"><span class=\"eb-gallery-link-wrapper\"><img decoding=\"async\" class=\"eb-gallery-img\" src=\"https:\/\/dianadelajara.com\/wp-content\/uploads\/2025\/06\/image00040.jpeg\" image-index=\"4\" alt=\"Bulldog Franc\u00e9s - Diana de la Jara\"\/><\/span><\/a><a href=\"https:\/\/dianadelajara.com\/wp-content\/uploads\/2025\/06\/image00042.jpeg\" rel=\"noopener\" data-fslightbox=\"gallery\" data-type=\"image\" class=\"eb-gallery-img-content eb-filter-img-\"><span class=\"eb-gallery-link-wrapper\"><img decoding=\"async\" class=\"eb-gallery-img\" src=\"https:\/\/dianadelajara.com\/wp-content\/uploads\/2025\/06\/image00042.jpeg\" image-index=\"5\" alt=\"Bulldog Franc\u00e9s - Diana de la Jara\"\/><\/span><\/a><a href=\"https:\/\/dianadelajara.com\/wp-content\/uploads\/2025\/06\/image00037.jpeg\" rel=\"noopener\" data-fslightbox=\"gallery\" data-type=\"image\" class=\"eb-gallery-img-content eb-filter-img-\"><span class=\"eb-gallery-link-wrapper\"><img decoding=\"async\" class=\"eb-gallery-img\" src=\"https:\/\/dianadelajara.com\/wp-content\/uploads\/2025\/06\/image00037.jpeg\" image-index=\"6\" alt=\"Bulldog Franc\u00e9s - Diana de la Jara\"\/><\/span><\/a><a href=\"https:\/\/dianadelajara.com\/wp-content\/uploads\/2025\/06\/image00035.jpeg\" rel=\"noopener\" data-fslightbox=\"gallery\" data-type=\"image\" class=\"eb-gallery-img-content eb-filter-img-\"><span class=\"eb-gallery-link-wrapper\"><img decoding=\"async\" class=\"eb-gallery-img\" src=\"https:\/\/dianadelajara.com\/wp-content\/uploads\/2025\/06\/image00035.jpeg\" image-index=\"7\" alt=\"Bulldog Franc\u00e9s - Diana de la Jara\"\/><\/span><\/a><a href=\"https:\/\/dianadelajara.com\/wp-content\/uploads\/2025\/06\/image00030-e1750778649782.jpeg\" rel=\"noopener\" data-fslightbox=\"gallery\" data-type=\"image\" class=\"eb-gallery-img-content eb-filter-img-\"><span class=\"eb-gallery-link-wrapper\"><img decoding=\"async\" class=\"eb-gallery-img\" src=\"https:\/\/dianadelajara.com\/wp-content\/uploads\/2025\/06\/image00030-e1750778649782.jpeg\" image-index=\"8\" alt=\"Bulldog Franc\u00e9s - Diana de la Jara\"\/><\/span><\/a><a href=\"https:\/\/dianadelajara.com\/wp-content\/uploads\/2025\/06\/image00029-e1750778682407.jpeg\" rel=\"noopener\" data-fslightbox=\"gallery\" data-type=\"image\" class=\"eb-gallery-img-content eb-filter-img-\"><span class=\"eb-gallery-link-wrapper\"><img decoding=\"async\" class=\"eb-gallery-img\" src=\"https:\/\/dianadelajara.com\/wp-content\/uploads\/2025\/06\/image00029-e1750778682407.jpeg\" image-index=\"9\" alt=\"Bulldog Franc\u00e9s - Diana de la Jara\"\/><\/span><\/a><a href=\"https:\/\/dianadelajara.com\/wp-content\/uploads\/2025\/06\/image00027.jpeg\" rel=\"noopener\" data-fslightbox=\"gallery\" data-type=\"image\" class=\"eb-gallery-img-content eb-filter-img-\"><span class=\"eb-gallery-link-wrapper\"><img decoding=\"async\" class=\"eb-gallery-img\" src=\"https:\/\/dianadelajara.com\/wp-content\/uploads\/2025\/06\/image00027.jpeg\" image-index=\"10\" alt=\"Bulldog Franc\u00e9s - Diana de la Jara\"\/><\/span><\/a><a href=\"https:\/\/dianadelajara.com\/wp-content\/uploads\/2025\/06\/image00034.jpeg\" rel=\"noopener\" data-fslightbox=\"gallery\" data-type=\"image\" class=\"eb-gallery-img-content eb-filter-img-\"><span class=\"eb-gallery-link-wrapper\"><img decoding=\"async\" class=\"eb-gallery-img\" src=\"https:\/\/dianadelajara.com\/wp-content\/uploads\/2025\/06\/image00034.jpeg\" image-index=\"11\" alt=\"Bulldog Franc\u00e9s - Diana de la Jara\"\/><\/span><\/a><a href=\"https:\/\/dianadelajara.com\/wp-content\/uploads\/2025\/06\/image00033.jpeg\" rel=\"noopener\" data-fslightbox=\"gallery\" data-type=\"image\" class=\"eb-gallery-img-content eb-filter-img-\"><span class=\"eb-gallery-link-wrapper\"><img decoding=\"async\" class=\"eb-gallery-img\" src=\"https:\/\/dianadelajara.com\/wp-content\/uploads\/2025\/06\/image00033.jpeg\" image-index=\"12\" alt=\"Bulldog Franc\u00e9s - Diana de la Jara\"\/><\/span><\/a><a href=\"https:\/\/dianadelajara.com\/wp-content\/uploads\/2025\/06\/image00031.jpeg\" rel=\"noopener\" data-fslightbox=\"gallery\" data-type=\"image\" class=\"eb-gallery-img-content eb-filter-img-\"><span class=\"eb-gallery-link-wrapper\"><img decoding=\"async\" class=\"eb-gallery-img\" src=\"https:\/\/dianadelajara.com\/wp-content\/uploads\/2025\/06\/image00031.jpeg\" image-index=\"13\" alt=\"Bulldog Franc\u00e9s - Diana de la Jara\"\/><\/span><\/a><a href=\"https:\/\/dianadelajara.com\/wp-content\/uploads\/2025\/06\/image00032-e1750779573623.jpeg\" rel=\"noopener\" data-fslightbox=\"gallery\" data-type=\"image\" class=\"eb-gallery-img-content eb-filter-img-\"><span class=\"eb-gallery-link-wrapper\"><img decoding=\"async\" class=\"eb-gallery-img\" src=\"https:\/\/dianadelajara.com\/wp-content\/uploads\/2025\/06\/image00032-e1750779573623.jpeg\" image-index=\"14\" alt=\"\"\/><\/span><\/a><a href=\"https:\/\/dianadelajara.com\/wp-content\/uploads\/2025\/05\/bulldog-frances-diana-de-la-jara-5.jpg\" rel=\"noopener\" data-fslightbox=\"gallery\" data-type=\"image\" class=\"eb-gallery-img-content eb-filter-img-\"><span class=\"eb-gallery-link-wrapper\"><img decoding=\"async\" class=\"eb-gallery-img\" src=\"https:\/\/dianadelajara.com\/wp-content\/uploads\/2025\/05\/bulldog-frances-diana-de-la-jara-5.jpg\" image-index=\"15\" alt=\"bulldog frances diana de la jara 5\"\/><\/span><\/a><a href=\"https:\/\/dianadelajara.com\/wp-content\/uploads\/2025\/05\/bulldog-frances-diana-de-la-jara-4.jpg\" rel=\"noopener\" data-fslightbox=\"gallery\" data-type=\"image\" class=\"eb-gallery-img-content eb-filter-img-\"><span class=\"eb-gallery-link-wrapper\"><img decoding=\"async\" class=\"eb-gallery-img\" src=\"https:\/\/dianadelajara.com\/wp-content\/uploads\/2025\/05\/bulldog-frances-diana-de-la-jara-4.jpg\" image-index=\"16\" alt=\"bulldog frances diana de la jara 5\"\/><\/span><\/a><a href=\"https:\/\/dianadelajara.com\/wp-content\/uploads\/2025\/05\/bulldog-frances-diana-de-la-jara-3.jpg\" rel=\"noopener\" data-fslightbox=\"gallery\" data-type=\"image\" class=\"eb-gallery-img-content eb-filter-img-\"><span class=\"eb-gallery-link-wrapper\"><img decoding=\"async\" class=\"eb-gallery-img\" src=\"https:\/\/dianadelajara.com\/wp-content\/uploads\/2025\/05\/bulldog-frances-diana-de-la-jara-3.jpg\" image-index=\"17\" alt=\"bulldog frances diana de la jara\"\/><\/span><\/a><a href=\"https:\/\/dianadelajara.com\/wp-content\/uploads\/2025\/05\/bulldog-frances-diana-de-la-jara-2.jpg\" rel=\"noopener\" data-fslightbox=\"gallery\" data-type=\"image\" class=\"eb-gallery-img-content eb-filter-img-\"><span class=\"eb-gallery-link-wrapper\"><img decoding=\"async\" class=\"eb-gallery-img\" src=\"https:\/\/dianadelajara.com\/wp-content\/uploads\/2025\/05\/bulldog-frances-diana-de-la-jara-2.jpg\" image-index=\"18\" alt=\"bulldog frances diana de la jara\"\/><\/span><\/a><a href=\"https:\/\/dianadelajara.com\/wp-content\/uploads\/2025\/05\/bulldog-frances-diana-de-la-jara.jpg\" rel=\"noopener\" data-fslightbox=\"gallery\" data-type=\"image\" class=\"eb-gallery-img-content eb-filter-img-\"><span class=\"eb-gallery-link-wrapper\"><img decoding=\"async\" class=\"eb-gallery-img\" src=\"https:\/\/dianadelajara.com\/wp-content\/uploads\/2025\/05\/bulldog-frances-diana-de-la-jara.jpg\" image-index=\"19\" alt=\"bulldog frances diana de la jara\"\/><\/span><\/a><a href=\"https:\/\/dianadelajara.com\/wp-content\/uploads\/2025\/02\/cachorro-criadero-diana-de-la-jara-1.jpg\" rel=\"noopener\" data-fslightbox=\"gallery\" data-type=\"image\" class=\"eb-gallery-img-content eb-filter-img-\"><span class=\"eb-gallery-link-wrapper\"><img decoding=\"async\" class=\"eb-gallery-img\" src=\"https:\/\/dianadelajara.com\/wp-content\/uploads\/2025\/02\/cachorro-criadero-diana-de-la-jara-1.jpg\" image-index=\"20\" alt=\"\"\/><\/span><\/a><\/div><\/div><\/div>\n\n\n\n<p>Bienvenido a nuestra exclusiva galer\u00eda de&nbsp;<strong>fotos Bulldog Franc\u00e9s<\/strong>, donde te invitamos a descubrir la ternura, el car\u00e1cter y la belleza de los cachorros Bulldog Franc\u00e9s, conocidos cari\u00f1osamente como frenchies, criados con dedicaci\u00f3n y amor en el Criadero Diana de la Jara. Si buscas&nbsp;<strong>fotos Bulldog Franc\u00e9s<\/strong>&nbsp;para conocer mejor la raza, inspirarte o simplemente disfrutar de im\u00e1genes adorables, has llegado al lugar indicado.<\/p>\n\n\n\n<h2 class=\"wp-block-heading\" id=\"bulldog-francs-una-raza-nica\">Bulldog Franc\u00e9s: Una Raza \u00danica<\/h2>\n\n\n\n<p>El&nbsp;<strong>Bulldog Franc\u00e9s<\/strong>&nbsp;es una de las razas de perros m\u00e1s populares y queridas en todo el mundo. Su peque\u00f1o tama\u00f1o, su car\u00e1cter afable y su aspecto inconfundible lo convierten en el compa\u00f1ero ideal para familias, parejas y personas que buscan un amigo fiel y divertido. En nuestra galer\u00eda de&nbsp;<strong>fotos Bulldog Franc\u00e9s<\/strong>&nbsp;podr\u00e1s apreciar cada detalle de estos peque\u00f1os gigantes: sus orejas de murci\u00e9lago, su mirada expresiva y su cuerpo compacto y robusto.<\/p>\n\n\n\n<h2 class=\"wp-block-heading\" id=\"por-qu-ver-fotos-bulldog-francs\">\u00bfPor Qu\u00e9 Ver Fotos Bulldog Franc\u00e9s?<\/h2>\n\n\n\n<p>Contemplar\u00a0<strong>fotos Bulldog Franc\u00e9s<\/strong>\u00a0es una experiencia que alegra el d\u00eda. Cada imagen captura la esencia de la raza: su ternura, su energ\u00eda y su capacidad de transmitir emociones con solo una mirada. En el Criadero Diana de la Jara, nos enorgullecemos de <a href=\"https:\/\/dianadelajara.com\/pt\/razas\/bulldog-frances\/criadero-de-bulldog-frances\/\" data-type=\"post\" data-id=\"4693\">criar frenchies<\/a> sanos, equilibrados y felices, cuidados con el m\u00e1ximo respeto y profesionalidad. Nuestra galer\u00eda de\u00a0<strong>fotos Bulldog Franc\u00e9s<\/strong>\u00a0es el mejor testimonio de nuestro trabajo y de la calidad de nuestros cachorros.<\/p>\n\n\n\n<h2 class=\"wp-block-heading\" id=\"colores-y-patrones-en-nuestra-galera-de-fotos-bull\">Colores y Patrones en Nuestra Galer\u00eda de Fotos Bulldog Franc\u00e9s<\/h2>\n\n\n\n<p>Una de las caracter\u00edsticas m\u00e1s fascinantes del Bulldog Franc\u00e9s es la variedad de colores y patrones que puede presentar. En nuestra galer\u00eda de&nbsp;<strong>fotos Bulldog Franc\u00e9s<\/strong>&nbsp;encontrar\u00e1s ejemplares en los colores m\u00e1s populares y tambi\u00e9n en tonalidades m\u00e1s exclusivas:<\/p>\n\n\n\n<ul class=\"wp-block-list\">\n<li><strong>Atigrado<\/strong>: El patr\u00f3n m\u00e1s com\u00fan, con rayas oscuras sobre un fondo m\u00e1s claro. Es un cl\u00e1sico entre los frenchies.<\/li>\n\n\n\n<li><strong>Fawn (leonado)<\/strong>: Un tono c\u00e1lido, entre el beige y el dorado, que resalta la belleza natural de la raza.<\/li>\n\n\n\n<li><strong>Pied<\/strong>: Predominan las manchas blancas con parches negros o grises, creando un efecto \u00fanico en cada cachorro.<\/li>\n\n\n\n<li><strong>Crema<\/strong>: Un pelaje suave y claro, ideal para quienes buscan un frenchie elegante y delicado.<\/li>\n\n\n\n<li><strong>Blanco<\/strong>: Un color puro y luminoso, que destaca la expresi\u00f3n y la simpat\u00eda de estos perros.<\/li>\n<\/ul>\n\n\n\n<p>Cada una de nuestras&nbsp;<strong>fotos Bulldog Franc\u00e9s<\/strong>&nbsp;muestra la diversidad y el encanto de la raza, permiti\u00e9ndote apreciar las diferencias y similitudes entre los distintos colores y patrones.<\/p>\n\n\n\n<h2 class=\"wp-block-heading\" id=\"el-da-a-da-de-los-cachorros-fotos-bulldog-francs-e\">El D\u00eda a D\u00eda de los Cachorros: Fotos Bulldog Franc\u00e9s en Acci\u00f3n<\/h2>\n\n\n\n<p>En el Criadero Diana de la Jara, nos esforzamos por ofrecer a nuestros cachorros Bulldog Franc\u00e9s un entorno seguro, estimulante y lleno de amor. Nuestra galer\u00eda de&nbsp;<strong>fotos Bulldog Franc\u00e9s<\/strong>&nbsp;incluye im\u00e1genes de los frenchies jugando, descansando, interactuando con otros perros y recibiendo cuidados y mimos de nuestro equipo profesional.<\/p>\n\n\n\n<p>Ver\u00e1s&nbsp;<strong>fotos Bulldog Franc\u00e9s<\/strong>&nbsp;en sus primeros d\u00edas de vida, aprendiendo a caminar, explorando su entorno y descubriendo el mundo que les rodea. Tambi\u00e9n encontrar\u00e1s im\u00e1genes de cachorros Bulldog Franc\u00e9s socializando, participando en sesiones de entrenamiento b\u00e1sico y disfrutando de momentos de relax en nuestro criadero.<\/p>\n\n\n\n<h2 class=\"wp-block-heading\" id=\"cmo-elegir-el-bulldog-francs-perfecto-las-fotos-bu\">\u00bfC\u00f3mo Elegir el Bulldog Franc\u00e9s Perfecto? Las Fotos Bulldog Franc\u00e9s te Ayudan<\/h2>\n\n\n\n<p>Si est\u00e1s pensando en adoptar o comprar un Bulldog Franc\u00e9s, nuestra galer\u00eda de&nbsp;<strong>fotos Bulldog Franc\u00e9s<\/strong>&nbsp;es una herramienta imprescindible. Observar a los cachorros en diferentes situaciones te permitir\u00e1 conocer su personalidad, su nivel de energ\u00eda y su adaptaci\u00f3n al entorno.<\/p>\n\n\n\n<p>En el Criadero Diana de la Jara, seleccionamos cuidadosamente a cada uno de nuestros frenchies, asegurando que cumplan con los est\u00e1ndares de la raza y que sean sanos, equilibrados y sociables. Nuestras&nbsp;<strong>fotos Bulldog Franc\u00e9s<\/strong>&nbsp;te ayudar\u00e1n a identificar el cachorro que mejor se adapte a tu estilo de vida y a tus expectativas.<\/p>\n\n\n\n<h2 class=\"wp-block-heading\" id=\"bulldog-francs-cuidados-y-curiosidades\">Bulldog Franc\u00e9s: Cuidados y Curiosidades<\/h2>\n\n\n\n<p>El Bulldog Franc\u00e9s es una raza de bajo mantenimiento, pero requiere ciertos cuidados espec\u00edficos para garantizar su bienestar. En nuestra galer\u00eda de&nbsp;<strong>fotos Bulldog Franc\u00e9s<\/strong>&nbsp;encontrar\u00e1s im\u00e1genes que ilustran los momentos de aseo, alimentaci\u00f3n, paseos y juegos, as\u00ed como consejos pr\u00e1cticos para cuidar a tu frenchie en casa.<\/p>\n\n\n\n<p>Algunos datos curiosos sobre el Bulldog Franc\u00e9s que puedes apreciar en nuestras&nbsp;<strong>fotos Bulldog Franc\u00e9s<\/strong>:<\/p>\n\n\n\n<ul class=\"wp-block-list\">\n<li><strong>Temperamento<\/strong>: Son perros alegres, cari\u00f1osos y muy sociables, ideales para la convivencia familiar.<\/li>\n\n\n\n<li><strong>Actividad<\/strong>: Aunque son en\u00e9rgicos, no necesitan grandes dosis de ejercicio. Disfrutan de paseos cortos y juegos en casa.<\/li>\n\n\n\n<li><strong>Salud<\/strong>: Requieren atenci\u00f3n especial a su respiraci\u00f3n y a su piel, debido a su morfolog\u00eda braquic\u00e9fala.<\/li>\n\n\n\n<li><strong>Convivencia<\/strong>: Se llevan bien con ni\u00f1os, adultos y otras mascotas, siempre que se les acostumbre desde peque\u00f1os.<\/li>\n<\/ul>\n\n\n\n<h2 class=\"wp-block-heading\" id=\"fotos-bulldog-francs-un-recuerdo-para-toda-la-vida\">Fotos Bulldog Franc\u00e9s: Un Recuerdo para Toda la Vida<\/h2>\n\n\n\n<p>El Bulldog Franc\u00e9s es un compa\u00f1ero de vida, un amigo fiel que llena de alegr\u00eda cada d\u00eda. En el Criadero Diana de la Jara, nos emociona compartir nuestra galer\u00eda de&nbsp;<strong>fotos Bulldog Franc\u00e9s<\/strong>&nbsp;con todos los amantes de la raza. Cada imagen es un recuerdo \u00fanico, un instante de felicidad que podr\u00e1s disfrutar una y otra vez.<\/p>\n\n\n\n<p>Te invitamos a explorar nuestra colecci\u00f3n de&nbsp;<strong>fotos Bulldog Franc\u00e9s<\/strong>, a compartir tus favoritas y a contactarnos si deseas m\u00e1s informaci\u00f3n sobre nuestros cachorros disponibles. Estamos comprometidos con la crianza responsable y con el bienestar de cada uno de nuestros frenchies.<\/p>\n\n\n\n<h2 class=\"wp-block-heading\" id=\"por-qu-elegir-el-criadero-diana-de-la-jara\">\u00bfPor Qu\u00e9 Elegir el Criadero Diana de la Jara?<\/h2>\n\n\n\n<p>En el Criadero Diana de la Jara, la pasi\u00f3n por el Bulldog Franc\u00e9s es una de nuestras grandes razones de ser. Nos dedicamos a la <strong>crianza profesional y \u00e9tica<\/strong>, siguiendo los m\u00e1s altos est\u00e1ndares de calidad y bienestar animal. Nuestra galer\u00eda de&nbsp;<strong>fotos Bulldog Franc\u00e9s<\/strong>&nbsp;es la mejor carta de presentaci\u00f3n de nuestro trabajo y de nuestro compromiso con la raza.<\/p>\n\n\n\n<p>Cuando busques&nbsp;<strong>fotos Bulldog Franc\u00e9s<\/strong>, recuerda que detr\u00e1s de cada imagen hay una historia de cuidado, dedicaci\u00f3n y amor. Te invitamos a conocer a nuestros cachorros, a visitar nuestro criadero y a formar parte de la gran familia de amantes del Bulldog Franc\u00e9s.<\/p>\n\n\n\n<h2 class=\"wp-block-heading\" id=\"conclusin\">Conclusi\u00f3n<\/h2>\n\n\n\n<p>La galer\u00eda de&nbsp;<strong>fotos Bulldog Franc\u00e9s<\/strong>&nbsp;del Criadero Diana de la Jara es una ventana al mundo de los frenchies, una oportunidad para descubrir la magia de esta raza y para enamorarte de cada uno de nuestros cachorros. Explora nuestras im\u00e1genes, comparte tu experiencia y d\u00e9jate cautivar por la ternura y el car\u00e1cter de los Bulldog Franc\u00e9s. \u00a1Te esperamos en el Criadero Diana de la Jara!<\/p>","protected":false},"excerpt":{"rendered":"<p>Galer\u00eda de fotos Bulldog Frances, las \u00faltimas fotos tomadas a nuestros cachorritos de Bulldog Franc\u00e9s, tambi\u00e9n conocidos como frenchies. Bienvenido a nuestra exclusiva galer\u00eda de&nbsp;fotos Bulldog Franc\u00e9s, donde te invitamos a descubrir la ternura, el car\u00e1cter y la belleza de &#8230; <a title=\"Fotos Bulldog Franc\u00e9s\" class=\"read-more\" href=\"https:\/\/dianadelajara.com\/pt\/fotos-bulldog-frances\/\" aria-label=\"Leia mais sobre Fotos Bulldog Franc\u00e9s\">Ler mais<\/a><\/p>","protected":false},"author":1,"featured_media":0,"parent":0,"menu_order":0,"comment_status":"closed","ping_status":"closed","template":"","meta":{"_eb_attr":"","Raza":"","Precio":"","Sexo":"","Color":"","Tama\u00f1o":"","Fecha_Nacimiento":"","Entrega_Edad":"","ID_Nocodb":"","footnotes":""},"class_list":["post-7104","page","type-page","status-publish"],"_links":{"self":[{"href":"https:\/\/dianadelajara.com\/pt\/wp-json\/wp\/v2\/pages\/7104","targetHints":{"allow":["GET"]}}],"collection":[{"href":"https:\/\/dianadelajara.com\/pt\/wp-json\/wp\/v2\/pages"}],"about":[{"href":"https:\/\/dianadelajara.com\/pt\/wp-json\/wp\/v2\/types\/page"}],"author":[{"embeddable":true,"href":"https:\/\/dianadelajara.com\/pt\/wp-json\/wp\/v2\/users\/1"}],"replies":[{"embeddable":true,"href":"https:\/\/dianadelajara.com\/pt\/wp-json\/wp\/v2\/comments?post=7104"}],"version-history":[{"count":0,"href":"https:\/\/dianadelajara.com\/pt\/wp-json\/wp\/v2\/pages\/7104\/revisions"}],"wp:attachment":[{"href":"https:\/\/dianadelajara.com\/pt\/wp-json\/wp\/v2\/media?parent=7104"}],"curies":[{"name":"wp","href":"https:\/\/api.w.org\/{rel}","templated":true}]}}