{"id":3589,"date":"2021-01-30T19:30:13","date_gmt":"2021-01-30T19:30:13","guid":{"rendered":"https:\/\/gpsites.co\/shop\/?page_id=3589"},"modified":"2026-02-12T23:27:06","modified_gmt":"2026-02-12T22:27:06","slug":"contacto","status":"publish","type":"page","link":"https:\/\/dianadelajara.com\/pt\/contacto\/","title":{"rendered":"Contacto"},"content":{"rendered":"<div class=\"gb-container gb-container-ab70145a\">\n<div class=\"gb-grid-wrapper gb-grid-wrapper-ce3599a5\">\n<div class=\"gb-grid-column gb-grid-column-9e89a7dc\"><div class=\"gb-container gb-container-9e89a7dc\"><div class=\"gb-inside-container\">\n\n<h2 class=\"gb-headline gb-headline-d2b3a680 gb-headline-text\">Estamos a tu disposici\u00f3n<\/h2>\n\n\n\n<p>\u00bfQuieres conocer los cachorros que disponemos? \u00bfO nuestro m\u00e9todo de env\u00edo? Si tienes estas o cualquier pregunta, no dudes en contactar con nosotros, preferiblemente a trav\u00e9s de <strong><a href=\"whatsapp:\/\/send?phone=34614422831&amp;text=%C2%A1Hola!%20He%20visto%20la%20p%C3%A1gina%20%20Criadero%20Canino%20Diana%20de%20la%20Jara%20en%20vuestra%20web%20y%20me%20interesar%C3%ADa%20informarme%20mejor.\" rel=\"nofollow\">WhatsApp<\/a><\/strong> o por el Chat de la web, ten\u00e9is los iconos abajo a la derecha para vuestra mayor comodidad.<\/p>\n\n\n\n<h3 class=\"wp-block-heading\">\u00bfQuieres visitar el criadero?<\/h3>\n\n\n\n<p>Estaremos encantadas de atenderte en nuestras instalaciones. Eso s\u00ed, es imprescindible que solicites <strong>cita previa<\/strong> a trav\u00e9s de <strong><a href=\"whatsapp:\/\/send?phone=34614422831&amp;text=%C2%A1Hola!%20He%20visto%20vuestra%20web%20y%20me%20gustar%C3%ADa%20pedir%20cita%20previa%20para%20visitar%20el%20criadero.%20%C2%BFCu%C3%A1ndo%20ser%C3%ADa%20posible%3F\" rel=\"nofollow\">WhatsApp<\/a><\/strong>.<\/p>\n\n<\/div><\/div><\/div>\n\n<div class=\"gb-grid-column gb-grid-column-16220b14\"><div class=\"gb-container gb-container-16220b14\"><div class=\"gb-inside-container\">\n\n<iframe src=\"https:\/\/www.google.com\/maps\/embed?pb=!1m14!1m8!1m3!1d12741.458763299268!2d-3.62737!3d37.02495!3m2!1i1024!2i768!4f13.1!3m3!1m2!1s0xd71f150f173e461%3A0x6800e517d03b8980!2sCriadero%20Canino%20Diana%20De%20La%20Jara!5e0!3m2!1ses!2ses!4v1714942209673!5m2!1ses!2ses\" width=\"380\" height=\"200\" style=\"border:0;\" allowfullscreen=\"\" loading=\"lazy\" referrerpolicy=\"no-referrer-when-downgrade\"><\/iframe>\n\n\n\n<p class=\"gb-headline gb-headline-0fb9d4f1\"><span class=\"gb-icon\"><svg xmlns=\"http:\/\/www.w3.org\/2000\/svg\" viewbox=\"0 0 20 24\"><path d=\"M10 24c-.2 0-.4-.1-.6-.2C9.1 23.6 0 17.4 0 10 0 4.5 4.5 0 10 0s10 4.5 10 10c0 7.4-9.1 13.6-9.4 13.8-.2.1-.4.2-.6.2zm0-22c-4.4 0-8 3.6-8 8 0 5.4 6.1 10.4 8 11.8 1.9-1.4 8-6.4 8-11.8 0-4.4-3.6-8-8-8z\"><\/path><path d=\"M10 14c-2.2 0-4-1.8-4-4s1.8-4 4-4 4 1.8 4 4-1.8 4-4 4zm0-6c-1.1 0-2 .9-2 2s.9 2 2 2 2-.9 2-2-.9-2-2-2z\"><\/path><\/svg><\/span><span class=\"gb-headline-text\">Criadero Canino Diana de la Jara<br>C. G-1, 15, 18640 Padul, Granada<\/span><\/p>\n\n\n\n<p class=\"gb-headline gb-headline-1a69ec77\"><span class=\"gb-icon\"><svg xmlns=\"http:\/\/www.w3.org\/2000\/svg\" viewbox=\"0 0 16 22\"><path d=\"M13 22H3c-1.7 0-3-1.3-3-3V3c0-1.7 1.3-3 3-3h10c1.7 0 3 1.3 3 3v16c0 1.7-1.3 3-3 3zM3 2c-.6 0-1 .4-1 1v16c0 .6.4 1 1 1h10c.6 0 1-.4 1-1V3c0-.6-.4-1-1-1H3z\"><\/path><path d=\"M8 18c-.6 0-1-.4-1-1s.4-1 1-1 1 .4 1 1-.4 1-1 1z\"><\/path><\/svg><\/span><span class=\"gb-headline-text\"><a href=\"tel:+34614422831\">614 42 28 31<\/a><\/span><\/p>\n\n<\/div><\/div><\/div>\n<\/div>\n<\/div>","protected":false},"excerpt":{"rendered":"","protected":false},"author":1,"featured_media":0,"parent":0,"menu_order":0,"comment_status":"closed","ping_status":"closed","template":"","meta":{"_eb_attr":"","Raza":"","Precio":"","Sexo":"","Color":"","Tama\u00f1o":"","Fecha_Nacimiento":"","Entrega_Edad":"","ID_Nocodb":"","footnotes":""},"class_list":["post-3589","page","type-page","status-publish"],"_links":{"self":[{"href":"https:\/\/dianadelajara.com\/pt\/wp-json\/wp\/v2\/pages\/3589","targetHints":{"allow":["GET"]}}],"collection":[{"href":"https:\/\/dianadelajara.com\/pt\/wp-json\/wp\/v2\/pages"}],"about":[{"href":"https:\/\/dianadelajara.com\/pt\/wp-json\/wp\/v2\/types\/page"}],"author":[{"embeddable":true,"href":"https:\/\/dianadelajara.com\/pt\/wp-json\/wp\/v2\/users\/1"}],"replies":[{"embeddable":true,"href":"https:\/\/dianadelajara.com\/pt\/wp-json\/wp\/v2\/comments?post=3589"}],"version-history":[{"count":6,"href":"https:\/\/dianadelajara.com\/pt\/wp-json\/wp\/v2\/pages\/3589\/revisions"}],"predecessor-version":[{"id":9541,"href":"https:\/\/dianadelajara.com\/pt\/wp-json\/wp\/v2\/pages\/3589\/revisions\/9541"}],"wp:attachment":[{"href":"https:\/\/dianadelajara.com\/pt\/wp-json\/wp\/v2\/media?parent=3589"}],"curies":[{"name":"wp","href":"https:\/\/api.w.org\/{rel}","templated":true}]}}