{"id":3587,"date":"2024-10-30T21:11:33","date_gmt":"2024-10-30T20:11:33","guid":{"rendered":"https:\/\/gpsites.co\/shop\/?page_id=3587"},"modified":"2026-03-30T18:23:15","modified_gmt":"2026-03-30T16:23:15","slug":"nosotros","status":"publish","type":"page","link":"https:\/\/dianadelajara.com\/pt\/nosotros\/","title":{"rendered":"Nosotros"},"content":{"rendered":"<div class=\"gb-container gb-container-5deb5034\">\n<div class=\"gb-container gb-container-1745ed13\">\n<div class=\"gb-grid-wrapper gb-grid-wrapper-e1dc665b\">\n<div class=\"gb-grid-column gb-grid-column-15509c86\"><div class=\"gb-container gb-container-15509c86\"><div class=\"gb-inside-container\">\n\n<h2 class=\"gb-headline gb-headline-39e25962 gb-headline-text\">Nuestra historia<\/h2>\n\n\n\n<p>En Diana de la Jara, nuestra pasi\u00f3n por los perros comenz\u00f3 hace m\u00e1s de dos d\u00e9cadas. Fundado en el coraz\u00f3n de Granada, nuestro criadero siempre ha ofrecido la cercan\u00eda de una empresa familiar que ha crecido con el amor y la dedicaci\u00f3n de una equipo <strong>comprometido con el bienestar y la felicidad<\/strong> de nuestros amigos de cuatro patas. <\/p>\n\n\n\n<p>Desde nuestros humildes comienzos, hemos trabajado incansablemente para convertirnos en un referente en la cr\u00eda de <strong>razas toy y mini<\/strong>, siempre con el objetivo de ofrecer a cada cliente un compa\u00f1ero canino <strong>saludable y feliz<\/strong>.<\/p>\n\n<\/div><\/div><\/div>\n\n<div class=\"gb-grid-column gb-grid-column-e9732a3e\"><div class=\"gb-container gb-container-e9732a3e\"><div class=\"gb-inside-container\">\n\n<figure class=\"wp-block-image size-large photo-shadow img\"><img decoding=\"async\" width=\"1024\" height=\"682\" src=\"https:\/\/dianadelajara.com\/wp-content\/uploads\/2025\/02\/nina-con-cachorro-beagle-1024x682.jpg\" alt=\"ni\u00f1a con cachorro perro beagle\" class=\"wp-image-5586\" srcset=\"https:\/\/dianadelajara.com\/wp-content\/uploads\/2025\/02\/nina-con-cachorro-beagle-1024x682.jpg 1024w, https:\/\/dianadelajara.com\/wp-content\/uploads\/2025\/02\/nina-con-cachorro-beagle-300x200.jpg 300w, https:\/\/dianadelajara.com\/wp-content\/uploads\/2025\/02\/nina-con-cachorro-beagle-768x512.jpg 768w, https:\/\/dianadelajara.com\/wp-content\/uploads\/2025\/02\/nina-con-cachorro-beagle-18x12.jpg 18w, https:\/\/dianadelajara.com\/wp-content\/uploads\/2025\/02\/nina-con-cachorro-beagle.jpg 1280w\" sizes=\"(max-width: 1024px) 100vw, 1024px\" \/><\/figure>\n\n<\/div><\/div><\/div>\n<\/div>\n<\/div>\n<\/div>\n\n<div class=\"gb-container gb-container-d34d9402\">\n<div class=\"gb-container gb-container-b14d44cc\">\n<div class=\"gb-grid-wrapper gb-grid-wrapper-e28cb10a\">\n<div class=\"gb-grid-column gb-grid-column-cee09b95\"><div class=\"gb-container gb-container-cee09b95\"><div class=\"gb-inside-container\">\n\n<figure class=\"wp-block-image size-large photo-shadow img\"><img decoding=\"async\" width=\"1024\" height=\"682\" src=\"https:\/\/dianadelajara.com\/wp-content\/uploads\/2021\/04\/header-nino-perro-cachorro-felicidad-5-1024x682.jpg\" alt=\"header ni\u00f1o perro cachorro felicidad\" class=\"wp-image-4524\" srcset=\"https:\/\/dianadelajara.com\/wp-content\/uploads\/2021\/04\/header-nino-perro-cachorro-felicidad-5-1024x682.jpg 1024w, https:\/\/dianadelajara.com\/wp-content\/uploads\/2021\/04\/header-nino-perro-cachorro-felicidad-5-300x200.jpg 300w, https:\/\/dianadelajara.com\/wp-content\/uploads\/2021\/04\/header-nino-perro-cachorro-felicidad-5-768x512.jpg 768w, https:\/\/dianadelajara.com\/wp-content\/uploads\/2021\/04\/header-nino-perro-cachorro-felicidad-5-18x12.jpg 18w, https:\/\/dianadelajara.com\/wp-content\/uploads\/2021\/04\/header-nino-perro-cachorro-felicidad-5.jpg 1280w\" sizes=\"(max-width: 1024px) 100vw, 1024px\" \/><\/figure>\n\n<\/div><\/div><\/div>\n\n<div class=\"gb-grid-column gb-grid-column-48af07dd\"><div class=\"gb-container gb-container-48af07dd\"><div class=\"gb-inside-container\">\n\n<h3 class=\"gb-headline gb-headline-bdf9b07e gb-headline-text\">Profesionales de una crianza acogedora y de calidad<\/h3>\n\n\n\n<p class=\"gb-headline gb-headline-f79a36fc gb-headline-text\">En Diana de la Jara, nos enorgullece seguir estrictamente todas las <strong>normativas nacionales y europeas<\/strong>, garantizando el m\u00e1s alto est\u00e1ndar de cuidado y bienestar animal. Cada uno de nuestros perros recibe <strong>atenci\u00f3n veterinaria<\/strong> de primera calidad, un entorno lleno de <strong>cari\u00f1o y respeto<\/strong>, y un proceso de separaci\u00f3n de sus madres que minimiza el estr\u00e9s y asegura una <strong>transici\u00f3n suave y natural<\/strong>. Creemos que cada perro merece un hogar amoroso y trabajamos arduamente para que cada uno de nuestros cachorros est\u00e9 listo para ser un miembro querido de su nueva familia.<\/p>\n\n\n\n<p class=\"gb-headline gb-headline-cdfadbac\"><span class=\"gb-icon\"><svg viewbox=\"0 0 100 100.203\" xmlns=\"http:\/\/www.w3.org\/2000\/svg\"><path d=\"M96.157 74.348a13.045 13.045 0 00-9.292-3.859h-25.37a9.029 9.029 0 00-2.652-6.262 9.033 9.033 0 00-6.428-2.666l-31.172-.014c-7.923.014-12.369 5.728-15.927 11.102 0 0-4.517 6.848-4.732 7.198-.302.491-1.221 1.987.139 3.07.328.261.756.42 1.206.42.498 0 1.022-.195 1.464-.66.22-.232 5.131-7.905 5.131-7.905 3.272-4.943 6.706-9.379 12.711-9.379h.006l31.172.014a5.214 5.214 0 013.709 1.538 5.216 5.216 0 011.535 3.71 5.214 5.214 0 01-1.538 3.709 5.213 5.213 0 01-3.708 1.535h-.003l-20.224-.007a1.923 1.923 0 100 3.846l20.224.007h.005a9.034 9.034 0 006.426-2.66 9.09 9.09 0 001.884-2.75h26.144a9.223 9.223 0 016.57 2.73 9.24 9.24 0 012.579 4.951L31.11 91.963c-.791.079-6.895.829-9.758 5.275a1.923 1.923 0 003.235 2.083c1.967-3.054 6.878-3.527 6.922-3.531.044-.003.087-.009.13-.016l66.73-10.228a1.924 1.924 0 001.632-1.9 13.075 13.075 0 00-3.844-9.298zM95.874 0H82.987C68.919 0 57.474 11.445 57.474 25.513v11.995c-1.446 1.312-4.524 4.609-6.39 10.23-1.117-2.127-2.383-3.536-3.18-4.296V35.38c0-10.078-8.199-18.277-18.277-18.277h-8.933a1.923 1.923 0 00-1.923 1.923v8.934c0 10.078 8.199 18.277 18.276 18.277h8.224c1.16 1.097 4.281 4.678 4.279 11.44a1.923 1.923 0 103.846.001s-.556-10.73 6.692-17.354h12.195c14.068 0 25.513-11.445 25.513-25.513V1.923A1.922 1.922 0 0095.874 0zM22.618 27.96v-7.01h7.01c7.957 0 14.43 6.473 14.43 14.43v4.291l-8.309-8.309a1.924 1.924 0 00-2.72 2.719l8.309 8.309h-4.291c-7.956 0-14.429-6.473-14.429-14.43zm71.333-13.15c0 11.947-9.72 21.666-21.667 21.666H64.04l13.438-13.439a1.922 1.922 0 10-2.72-2.719L61.321 33.757v-8.244c0-11.947 9.72-21.666 21.667-21.666h10.964V14.81z\"><\/path><\/svg><\/span><span class=\"gb-headline-text\">Empresa ecol\u00f3gicamente sostenible<\/span><\/p>\n\n\n\n<p class=\"gb-headline gb-headline-01cd9d06\"><span class=\"gb-icon\"><svg xml:space=\"preserve\" style=\"enable-background:new 0 0 132.998 132.998;\" viewbox=\"0 0 132.998 132.998\" y=\"0px\" x=\"0px\" xmlns:xlink=\"http:\/\/www.w3.org\/1999\/xlink\" xmlns=\"http:\/\/www.w3.org\/2000\/svg\" id=\"Capa_1\" version=\"1.1\"> <g> \t<path d=\"M48.382,70.05c-3.446,0-6.25-2.804-6.25-6.25c0-3.446,2.804-6.25,6.25-6.25s6.25,2.804,6.25,6.25 \t\tC54.632,67.247,51.828,70.05,48.382,70.05z M48.382,60.55c-1.792,0-3.25,1.458-3.25,3.25c0,1.792,1.458,3.25,3.25,3.25 \t\ts3.25-1.458,3.25-3.25C51.632,62.008,50.174,60.55,48.382,60.55z\"><\/path> \t<path d=\"M44.412,95.457c-0.229,0-0.461-0.053-0.679-0.163c-0.738-0.375-1.033-1.278-0.657-2.017c0.583-1.148,1.246-2.2,2.087-3.309 \t\tc0.677-0.892,1.364-1.686,2.092-2.526c1.924-2.221,3.912-4.517,5.791-8.862c4.865-11.245,5.976-26.448,6.786-37.549l0.095-1.299 \t\tc0.914-12.411,6.11-12.565,6.72-12.556l-0.115,2.998c0,0,0.033,0.006,0.093,0c-0.837,0.086-3.134,2.012-3.705,9.778l-0.095,1.298 \t\tc-0.826,11.314-1.958,26.811-7.024,38.521c-2.062,4.77-4.302,7.354-6.276,9.635c-0.695,0.803-1.352,1.561-1.97,2.375 \t\tc-0.73,0.963-1.303,1.87-1.804,2.854C45.486,95.157,44.959,95.457,44.412,95.457z\"><\/path> \t<path d=\"M54.423,114.675c-3.425,0-6.498-1.359-8.889-3.931c-2.839-3.054-4.343-7.482-4.023-11.845 \t\tc0.178-2.418,0.874-4.639,2.07-6.603c0.434-0.707,1.357-0.931,2.062-0.5c0.708,0.431,0.932,1.354,0.501,2.062 \t\tc-0.946,1.552-1.499,3.322-1.641,5.26c-0.256,3.494,0.981,7.166,3.229,9.583c1.261,1.356,3.445,2.973,6.691,2.973 \t\tc3.838,0,6.956-1.424,9.018-4.12c0.04-0.05,1.243-1.563,1.541-3.604c0.12-0.819,0.889-1.389,1.701-1.268 \t\tc0.82,0.12,1.388,0.882,1.268,1.701c-0.423,2.891-2.088,4.947-2.159,5.033C63.21,112.794,59.161,114.675,54.423,114.675z\"><\/path> \t<path d=\"M41.924,25.092c-0.456,0-0.906-0.207-1.201-0.6c-0.497-0.663-0.362-1.603,0.3-2.1c12.646-9.486,25.085-8.585,25.606-8.545 \t\tc0.826,0.068,1.44,0.792,1.373,1.618c-0.067,0.825-0.796,1.437-1.615,1.373l0,0c-0.116-0.01-11.87-0.817-23.563,7.955 \t\tC42.552,24.994,42.237,25.092,41.924,25.092z\"><\/path> \t<path d=\"M66.524,104.922c-2.97,0-6.086-1.415-8.338-3.784c-1.63-1.715-2.515-3.673-2.428-5.373 \t\tc0.26-5.086,6.582-5.086,10.766-5.086c0.828,0,1.5,0.671,1.5,1.5s-0.672,1.5-1.5,1.5c-6.402,0-7.697,0.821-7.77,2.24 \t\tc-0.044,0.856,0.572,2.064,1.606,3.153c1.31,1.378,3.616,2.85,6.163,2.85c0.828,0,1.5,0.671,1.5,1.5S67.352,104.922,66.524,104.922 \t\tz\"><\/path> \t<path d=\"M65.477,119.191c-10.876,0-13.325-5.263-13.427-5.494c-0.335-0.758,0.009-1.643,0.767-1.978 \t\tc0.752-0.33,1.623,0.001,1.966,0.74c0.068,0.13,2.206,4.015,11.678,3.716c0.823-0.02,1.521,0.625,1.545,1.454 \t\tc0.025,0.828-0.625,1.52-1.453,1.545C66.185,119.186,65.827,119.191,65.477,119.191z\"><\/path> \t<path d=\"M26.619,111.82c-3.114,0-5.657-2.374-5.779-2.489C-5.826,85.167,0.592,65.919,0.878,65.112 \t\tC6.949,46.584,21.619,32.23,22.24,31.628c10.377-10.729,16-10.661,17.163-10.497c1.343,0.064,2.593,0.599,3.53,1.512 \t\tc0.996,0.971,1.522,2.248,1.482,3.596c-0.005,0.164-0.036,0.326-0.094,0.479l-0.566,1.521c-0.015,0.041-0.031,0.08-0.05,0.119 \t\tl-3.686,7.774c-12.557,23.222-9.313,38.865-7.755,46.382c0.233,1.127,0.436,2.1,0.551,2.922c0.865,6.193,0.655,12.334,0.643,12.676 \t\tc-0.009,0.285-0.173,5.53-0.639,8.886c-0.457,3.297-3.328,4.485-4.885,4.675C27.489,111.775,27.049,111.82,26.619,111.82z \t\t M38.818,24.087c-0.767,0-5.493,0.395-14.456,9.662C24.18,33.926,9.563,48.24,3.718,66.08c-0.025,0.073-1.539,4.599,0.035,11.849 \t\tc1.464,6.742,5.971,17.281,19.126,29.203c0.652,0.609,2.674,2.049,4.437,1.605c0.073-0.018,0.148-0.031,0.224-0.038 \t\tc0.197-0.022,2.057-0.285,2.311-2.113c0.446-3.216,0.609-8.516,0.611-8.568c0-0.004,0-0.008,0-0.011 \t\tc0.002-0.061,0.219-6.188-0.615-12.154c-0.102-0.724-0.295-1.653-0.518-2.729c-1.631-7.866-5.023-24.233,8.018-48.347l3.622-7.645 \t\tl0.443-1.191c-0.04-0.422-0.238-0.824-0.571-1.148c-0.422-0.411-1.001-0.648-1.629-0.666c-0.095-0.003-0.188-0.015-0.28-0.035 \t\tC38.93,24.09,38.914,24.087,38.818,24.087z\"><\/path> \t<path d=\"M45.381,109.925c-0.328,0-0.659-0.107-0.936-0.329c-0.383-0.306-9.42-7.583-13.396-15.279 \t\tc-0.38-0.736-0.092-1.641,0.645-2.021c0.732-0.38,1.641-0.093,2.021,0.644c3.686,7.134,12.515,14.242,12.604,14.313 \t\tc0.647,0.517,0.752,1.461,0.235,2.108C46.257,109.732,45.821,109.925,45.381,109.925z\"><\/path> \t<path d=\"M84.614,70.05c-3.446,0-6.25-2.804-6.25-6.25c0-3.446,2.804-6.25,6.25-6.25s6.25,2.804,6.25,6.25 \t\tC90.864,67.247,88.06,70.05,84.614,70.05z M84.614,60.55c-1.792,0-3.25,1.458-3.25,3.25c0,1.792,1.458,3.25,3.25,3.25 \t\ts3.25-1.458,3.25-3.25C87.864,62.008,86.406,60.55,84.614,60.55z\"><\/path> \t<path d=\"M88.584,95.457c-0.547,0-1.074-0.3-1.338-0.821c-0.501-0.984-1.073-1.891-1.804-2.854c-0.618-0.815-1.274-1.573-1.97-2.376 \t\tc-1.975-2.281-4.214-4.866-6.276-9.636c-5.066-11.71-6.198-27.206-7.024-38.521l-0.095-1.298c-0.571-7.766-2.868-9.691-3.705-9.778 \t\tl0.035-1.499l-0.058-1.499c0.623-0.007,5.807,0.144,6.72,12.556l0.095,1.299c0.811,11.101,1.921,26.304,6.786,37.548 \t\tc1.879,4.346,3.867,6.642,5.791,8.863c0.728,0.84,1.415,1.634,2.092,2.527c0.841,1.108,1.504,2.16,2.087,3.308 \t\tc0.376,0.739,0.081,1.642-0.657,2.017C89.045,95.404,88.812,95.457,88.584,95.457z\"><\/path> \t<path d=\"M78.573,114.675c-4.738,0-8.787-1.881-11.4-5.296c-0.039-0.046-1.704-2.103-2.127-4.993 \t\tc-0.12-0.819,0.447-1.581,1.268-1.701c0.818-0.12,1.581,0.448,1.701,1.268c0.299,2.042,1.497,3.549,1.509,3.563 \t\tc2.094,2.735,5.212,4.16,9.05,4.16c3.246,0,5.431-1.617,6.691-2.973c2.247-2.418,3.484-6.09,3.229-9.584 \t\tc-0.142-1.938-0.694-3.708-1.641-5.26c-0.431-0.708-0.207-1.63,0.501-2.062c0.706-0.43,1.629-0.207,2.062,0.5 \t\tc1.196,1.963,1.893,4.185,2.07,6.602c0.319,4.364-1.185,8.792-4.023,11.846C85.071,113.316,81.998,114.675,78.573,114.675z\"><\/path> \t<path d=\"M91.072,25.092c-0.313,0-0.629-0.098-0.899-0.3c-11.695-8.773-23.447-7.964-23.563-7.955 \t\tc-0.823,0.078-1.547-0.55-1.614-1.375c-0.065-0.825,0.547-1.547,1.372-1.615c0.521-0.041,12.959-0.941,25.606,8.545 \t\tc0.662,0.497,0.797,1.437,0.3,2.1C91.978,24.885,91.528,25.092,91.072,25.092z\"><\/path> \t<path d=\"M66.471,104.922c-0.828,0-1.5-0.671-1.5-1.5s0.672-1.5,1.5-1.5c2.547,0,4.854-1.472,6.163-2.85 \t\tc1.034-1.089,1.65-2.297,1.606-3.153c-0.072-1.418-1.367-2.24-7.77-2.24c-0.828,0-1.5-0.671-1.5-1.5s0.672-1.5,1.5-1.5 \t\tc4.184,0,10.506,0,10.766,5.086c0.087,1.7-0.798,3.658-2.428,5.373C72.557,103.508,69.441,104.922,66.471,104.922z\"><\/path> \t<path d=\"M67.518,119.191c-0.35,0-0.707-0.005-1.075-0.017c-0.828-0.025-1.479-0.717-1.453-1.545 \t\tc0.024-0.829,0.73-1.478,1.545-1.454c9.646,0.296,11.648-3.649,11.666-3.688c0.334-0.758,1.218-1.102,1.978-0.768 \t\tc0.758,0.334,1.102,1.22,0.767,1.978C80.843,113.929,78.392,119.191,67.518,119.191z\"><\/path> \t<path d=\"M106.378,111.82c-0.43,0-0.871-0.045-1.317-0.147c-1.557-0.19-4.428-1.378-4.885-4.675 \t\tc-0.466-3.356-0.63-8.601-0.639-8.886c-0.013-0.342-0.223-6.483,0.643-12.675c0.115-0.823,0.317-1.796,0.551-2.923 \t\tc1.559-7.517,4.802-23.16-7.719-46.311l-3.722-7.845c-0.019-0.039-0.035-0.079-0.05-0.119l-0.566-1.521 \t\tc-0.058-0.153-0.089-0.315-0.094-0.479c-0.04-1.348,0.486-2.625,1.482-3.596c0.938-0.914,2.188-1.448,3.53-1.512 \t\tc1.17-0.163,6.786-0.231,17.197,10.532c0.587,0.567,15.257,14.921,21.34,33.482c0.274,0.773,6.692,20.022-19.999,44.208 \t\tC112.031,109.45,109.491,111.82,106.378,111.82z M92.028,27.131l3.658,7.715c13.005,24.043,9.612,40.411,7.981,48.276 \t\tc-0.223,1.075-0.416,2.004-0.518,2.729c-0.835,5.976-0.617,12.092-0.615,12.153c0,0.003,0,0.007,0,0.011 \t\tc0.002,0.053,0.165,5.352,0.611,8.568c0.254,1.828,2.113,2.09,2.324,2.114c0.065,0.007,0.146,0.021,0.21,0.037 \t\tc2.11,0.527,4.388-1.561,4.411-1.582c25.251-22.882,19.262-40.861,19.198-41.041c-5.857-17.874-20.475-32.188-20.622-32.331 \t\tc-9.885-10.219-14.61-9.685-14.66-9.681c-0.092,0.021-0.128,0.021-0.223,0.024c-0.628,0.018-1.207,0.255-1.629,0.666 \t\tc-0.333,0.324-0.531,0.726-0.571,1.148L92.028,27.131z\"><\/path> \t<path d=\"M87.615,109.925c-0.439,0-0.876-0.193-1.172-0.563c-0.518-0.647-0.413-1.591,0.234-2.108 \t\tc0.088-0.071,8.924-7.19,12.604-14.313c0.381-0.736,1.289-1.023,2.021-0.644c0.736,0.38,1.024,1.285,0.645,2.021 \t\tc-3.977,7.695-13.014,14.973-13.396,15.279C88.274,109.818,87.943,109.925,87.615,109.925z\"><\/path> <\/g> <g> <\/g> <g> <\/g> <g> <\/g> <g> <\/g> <g> <\/g> <g> <\/g> <g> <\/g> <g> <\/g> <g> <\/g> <g> <\/g> <g> <\/g> <g> <\/g> <g> <\/g> <g> <\/g> <g> <\/g> <\/svg><\/span><span class=\"gb-headline-text\">Animales sanos y felices<\/span><\/p>\n\n\n\n<p class=\"gb-headline gb-headline-6b5f7376\"><span class=\"gb-icon\"> <svg viewbox=\"0 0 14 14\" xmlns=\"http:\/\/www.w3.org\/2000\/svg\" aria-hidden=\"true\"><path d=\"M 5.1437726,1 C 3.8705419,1 3.6677179,2.73201 3.9942398,3.6074767 4.2014407,4.1664121 4.8325467,4.7063497 5.4802212,4.4766355 6.317792,4.0625461 6.5544419,3.0007815 6.3213426,2.1775701 6.2083061,1.6291807 5.7708219,1 5.1437726,1 Z M 8.7045202,1 C 8.0774706,1 7.639987,1.6291807 7.5269501,2.1775701 7.2938514,3.0007815 7.530503,4.0625461 8.3680716,4.4766355 9.0157459,4.7063497 9.6468518,4.1664121 9.8540529,3.6074767 10.180575,2.73201 9.9777512,1 8.7045202,1 Z M 1.4974872,3.775701 C 0.99453653,4.2786516 1.0603984,5.7259965 1.9741226,6.3271028 2.566345,6.6306959 3.1674111,6.238153 3.3759918,5.7663552 3.7282343,5.0962718 3.6314374,4.1437972 3.0115058,3.6635514 2.4181204,3.2675013 1.9623141,3.3108741 1.4974872,3.775701 Z M 10.974123,3.6635514 c -0.432609,0.2497664 -0.716729,1.4327204 -0.364486,2.1028038 0.208581,0.4717982 0.837684,0.8643407 1.429906,0.5607476 C 12.953267,5.7259965 13.000929,4.288489 12.488141,3.775701 12.010882,3.3762084 11.445922,3.3911577 10.974123,3.6635514 Z M 6.9928142,4.9252337 c -2.2297852,0 -4.0373832,1.807598 -4.0373832,4.0373831 C 2.955431,11.192402 4.763029,13 6.9928142,13 9.222599,13 11.030197,11.192402 11.030197,8.9626168 c 0,-2.2297851 -1.807598,-4.0373831 -4.0373828,-4.0373831 z m -0.8971963,1.3457944 1.7943926,0 0,1.7943925 1.7943925,0 0,1.7943924 -1.7943925,0.02804 0,1.766356 -1.7943926,0 0,-1.794393 -1.7943925,0 0,-1.7943924 1.7943925,0 z\"><\/path><\/svg><\/span><span class=\"gb-headline-text\">controles veterinarios y vacunas<\/span><\/p>\n\n<\/div><\/div><\/div>\n<\/div>\n<\/div>\n<\/div>\n\n<div class=\"gb-container gb-container-01baa3f6 alignwide\">\n\n<figure class=\"wp-block-embed aligncenter is-type-video is-provider-vimeo wp-block-embed-vimeo\"><div class=\"wp-block-embed__wrapper\" style=\"text-align:center\">\n<iframe title=\"Criadero Canino Diana de la Jara\" src=\"https:\/\/player.vimeo.com\/video\/1057224146?h=21c405a90e&amp;dnt=1&amp;app_id=122963\" width=\"1200\" height=\"675\" frameborder=\"0\" allow=\"autoplay; fullscreen; picture-in-picture; clipboard-write; encrypted-media\"><\/iframe>\n<\/div><\/figure>\n\n<\/div>\n\n\n<div style=\"height:100px\" aria-hidden=\"true\" class=\"wp-block-spacer\"><\/div>\n\n\n<div class=\"gb-container gb-container-d175a9c5\">\n<div class=\"gb-grid-wrapper gb-grid-wrapper-a502a060\">\n<div class=\"gb-grid-column gb-grid-column-8cd1e0e7\"><div class=\"gb-container gb-container-8cd1e0e7\">\n\n<h3 class=\"gb-headline gb-headline-8cfca30d gb-headline-text\">\u00bfSabes qu\u00e9 mascota quieres? \u00bfTe gustar\u00eda saber m\u00e1s sobre alguna raza? \u00a1No dudes en preguntarnos!<\/h3>\n\n<\/div><\/div>\n\n<div class=\"gb-grid-column gb-grid-column-d11b5904\"><div class=\"gb-container gb-container-d11b5904\">\n<div class=\"gb-button-wrapper gb-button-wrapper-b2ea3ae1\">\n\n<a class=\"gb-button gb-button-da0ec482\" href=\"https:\/\/dianadelajara.com\/pt\/contacto\/\"><span class=\"gb-button-text\">CONTACTAR<\/span><span class=\"gb-icon\"><svg fill=\"none\" xmlns=\"http:\/\/www.w3.org\/2000\/svg\" width=\"15\" height=\"15\"><path d=\"M13.5 7.5l-4-4m4 4l-4 4m4-4H1\" stroke=\"currentColor\"><\/path><\/svg><\/span><\/a>\n\n<\/div>\n<\/div><\/div>\n<\/div>\n<\/div>\n\n<div class=\"gb-container gb-container-1ffcf370\">\n<div class=\"gb-container gb-container-47d276e4\">\n<div class=\"gb-grid-wrapper gb-grid-wrapper-b7dd766d\">\n<div class=\"gb-grid-column gb-grid-column-29a43446\"><div class=\"gb-container gb-container-29a43446\"><div class=\"gb-inside-container\">\n\n<h2 class=\"gb-headline gb-headline-404354c0 gb-headline-text\">Por qu\u00e9 elegirnos<\/h2>\n\n\n\n<p>Elegir a Diana de la Jara significa optar por la excelencia y el compromiso con la calidad. <a href=\"\/pt\/#razas\"><strong>Nuestras razas toy y mini<\/strong><\/a> son criadas con el m\u00e1ximo cuidado, asegurando que cada cachorro no solo cumpla con los est\u00e1ndares de la raza, sino que tambi\u00e9n tenga <strong>un temperamento equilibrado y una salud robusta<\/strong>.<\/p>\n\n\n\n<p>Nos destacamos por nuestro enfoque personalizado, ofreciendo asesoramiento y apoyo continuo a nuestros clientes, desde la elecci\u00f3n del cachorro adecuado hasta su cuidado a lo largo de su vida.<\/p>\n\n<\/div><\/div><\/div>\n\n<div class=\"gb-grid-column gb-grid-column-60cc08b9\"><div class=\"gb-container gb-container-60cc08b9\"><div class=\"gb-inside-container\">\n\n<figure class=\"wp-block-image size-full photo-shadow img\"><img decoding=\"async\" width=\"600\" height=\"600\" src=\"https:\/\/dianadelajara.com\/wp-content\/uploads\/2024\/11\/yorkshire-tika-hembra.jpg\" alt=\"yorkshire tika hembra\" class=\"wp-image-4723\" srcset=\"https:\/\/dianadelajara.com\/wp-content\/uploads\/2024\/11\/yorkshire-tika-hembra.jpg 600w, https:\/\/dianadelajara.com\/wp-content\/uploads\/2024\/11\/yorkshire-tika-hembra-300x300.jpg 300w, https:\/\/dianadelajara.com\/wp-content\/uploads\/2024\/11\/yorkshire-tika-hembra-150x150.jpg 150w, https:\/\/dianadelajara.com\/wp-content\/uploads\/2024\/11\/yorkshire-tika-hembra-12x12.jpg 12w\" sizes=\"(max-width: 600px) 100vw, 600px\" \/><\/figure>\n\n<\/div><\/div><\/div>\n<\/div>\n<\/div>\n<\/div>\n\n<div class=\"gb-container gb-container-efd83e84\">\n<div class=\"gb-container gb-container-32940055\">\n<div class=\"gb-grid-wrapper gb-grid-wrapper-534aa84d\">\n<div class=\"gb-grid-column gb-grid-column-5e616fe7\"><div class=\"gb-container gb-container-5e616fe7\"><div class=\"gb-inside-container\">\n\n<figure class=\"wp-block-image size-full photo-shadow img\"><img decoding=\"async\" width=\"621\" height=\"348\" src=\"https:\/\/dianadelajara.com\/wp-content\/uploads\/2025\/02\/nina-con-cachorro.jpg\" alt=\"\" class=\"wp-image-5588\" srcset=\"https:\/\/dianadelajara.com\/wp-content\/uploads\/2025\/02\/nina-con-cachorro.jpg 621w, https:\/\/dianadelajara.com\/wp-content\/uploads\/2025\/02\/nina-con-cachorro-300x168.jpg 300w, https:\/\/dianadelajara.com\/wp-content\/uploads\/2025\/02\/nina-con-cachorro-18x10.jpg 18w\" sizes=\"(max-width: 621px) 100vw, 621px\" \/><\/figure>\n\n<\/div><\/div><\/div>\n\n<div class=\"gb-grid-column gb-grid-column-e806f5fa\"><div class=\"gb-container gb-container-e806f5fa\"><div class=\"gb-inside-container\">\n\n<h3 class=\"gb-headline gb-headline-8c1b9888 gb-headline-text\">Alcance internacional<\/h3>\n\n\n\n<p class=\"gb-headline gb-headline-f9f9c254 gb-headline-text\">Aunque estamos orgullosos de nuestras ra\u00edces en Andaluc\u00eda, nuestro compromiso con la calidad y el servicio nos ha permitido expandirnos m\u00e1s all\u00e1 de las fronteras de Espa\u00f1a. Trabajamos a nivel nacional y tambi\u00e9n en <strong>Portugal y Francia<\/strong>, llevando la alegr\u00eda de tener un compa\u00f1ero canino de Diana de la Jara a hogares en toda la pen\u00ednsula ib\u00e9rica y m\u00e1s all\u00e1.<\/p>\n\n<\/div><\/div><\/div>\n<\/div>\n<\/div>\n<\/div>","protected":false},"excerpt":{"rendered":"","protected":false},"author":1,"featured_media":0,"parent":0,"menu_order":0,"comment_status":"closed","ping_status":"closed","template":"","meta":{"_eb_attr":"","Raza":"","Precio":"","Sexo":"","Color":"","Tama\u00f1o":"","Fecha_Nacimiento":"","Entrega_Edad":"","ID_Nocodb":"","footnotes":""},"class_list":["post-3587","page","type-page","status-publish"],"_links":{"self":[{"href":"https:\/\/dianadelajara.com\/pt\/wp-json\/wp\/v2\/pages\/3587","targetHints":{"allow":["GET"]}}],"collection":[{"href":"https:\/\/dianadelajara.com\/pt\/wp-json\/wp\/v2\/pages"}],"about":[{"href":"https:\/\/dianadelajara.com\/pt\/wp-json\/wp\/v2\/types\/page"}],"author":[{"embeddable":true,"href":"https:\/\/dianadelajara.com\/pt\/wp-json\/wp\/v2\/users\/1"}],"replies":[{"embeddable":true,"href":"https:\/\/dianadelajara.com\/pt\/wp-json\/wp\/v2\/comments?post=3587"}],"version-history":[{"count":1,"href":"https:\/\/dianadelajara.com\/pt\/wp-json\/wp\/v2\/pages\/3587\/revisions"}],"predecessor-version":[{"id":9845,"href":"https:\/\/dianadelajara.com\/pt\/wp-json\/wp\/v2\/pages\/3587\/revisions\/9845"}],"wp:attachment":[{"href":"https:\/\/dianadelajara.com\/pt\/wp-json\/wp\/v2\/media?parent=3587"}],"curies":[{"name":"wp","href":"https:\/\/api.w.org\/{rel}","templated":true}]}}