{"id":3,"date":"2024-04-26T22:16:09","date_gmt":"2024-04-26T20:16:09","guid":{"rendered":"https:\/\/dianadelajara.com\/?page_id=3"},"modified":"2025-10-13T23:53:35","modified_gmt":"2025-10-13T21:53:35","slug":"politica-de-privacidad","status":"publish","type":"page","link":"https:\/\/dianadelajara.com\/pt\/politica-de-privacidad\/","title":{"rendered":"Pol\u00edtica de privacidad"},"content":{"rendered":"<p>En <strong>Criadero Canino Diana de la Jara<\/strong> estamos comprometidos con la protecci\u00f3n de los datos personales de nuestros usuarios. Esta pol\u00edtica explica c\u00f3mo recopilamos, utilizamos y protegemos la informaci\u00f3n de quienes visitan nuestro sitio web.<\/p>\n<h2>Informaci\u00f3n General<\/h2>\n<p>Raz\u00f3n social: <strong>Criadero Canino Diana de la Jara<\/strong><\/p>\n<p>Direcci\u00f3n: Calle Molino, 7, 18640 Padul, Granada<\/p>\n<p>Email de contacto: criaderocaninodianadelajara@gmail.com<\/p>\n<p>NIF: <span class=\"fontstyle0\">38547662F<\/span>\u00a0<\/p>\n<p>Direcci\u00f3n web: <a href=\"https:\/\/dianadelajara.com\/pt\/\">https:\/\/dianadelajara.com<\/a><\/p>\n<h2>Recopilaci\u00f3n y Uso de Datos Personales<\/h2>\n<p>En nuestro sitio web, solo recopilamos los datos personales necesarios para brindarte la mejor experiencia posible. Utilizamos la plataforma de gesti\u00f3n de contenido <strong>WordPress<\/strong>, que puede recopilar ciertos datos t\u00e9cnicos, como se explica a continuaci\u00f3n.<\/p>\n<h3>Datos que Recopilamos Autom\u00e1ticamente<\/h3>\n<p>Cuando visitas nuestra web, se recopila autom\u00e1ticamente cierta informaci\u00f3n t\u00e9cnica, como la direcci\u00f3n IP, el tipo de navegador y el dispositivo utilizado. Estos datos son gestionados por WordPress y nos ayudan a mejorar el funcionamiento de nuestro sitio.<\/p>\n<h3>Informaci\u00f3n Recopilada a trav\u00e9s de Formularios<\/h3>\n<p>Si decides ponerte en contacto con nosotros mediante alg\u00fan formulario en nuestro sitio web, \u00fanicamente te pediremos los datos estrictamente necesarios para responder a tu consulta. No compartimos esta informaci\u00f3n con terceros y la utilizamos \u00fanicamente con fines de comunicaci\u00f3n.<\/p>\n<h2>Uso de Im\u00e1genes y Contenidos Relacionados con Nuestros Perros<\/h2>\n<p>En <strong>Criadero Canino Diana de la Jara<\/strong> publicamos fotos y descripciones de nuestros perros para mostrar a nuestros visitantes las razas que criamos. Todas las im\u00e1genes y descripciones de nuestros perros son de propiedad exclusiva del criadero y se publican con fines informativos.<\/p>\n<h2>Cookies<\/h2>\n<p>Nuestro sitio web puede utilizar cookies para mejorar la experiencia del usuario. Las cookies son peque\u00f1os archivos de datos que se almacenan en tu dispositivo cuando visitas nuestro sitio. Puedes desactivar las cookies en cualquier momento desde la configuraci\u00f3n de tu navegador. Para m\u00e1s informaci\u00f3n, te recomendamos visitar su nuestra p\u00e1gina de <a href=\"https:\/\/dianadelajara.com\/pt\/politica-de-cookies\/\">pol\u00edtica de cookies<\/a>.<\/p>\n<h2>Seguridad de los Datos<\/h2>\n<p>Nos comprometemos a proteger los datos personales de nuestros usuarios y a implementar medidas de seguridad t\u00e9cnicas y organizativas para evitar su p\u00e9rdida, alteraci\u00f3n o acceso no autorizado.<\/p>\n<h2>Derechos del Usuario<\/h2>\n<p>Como usuario, tienes derecho a acceder, rectificar o solicitar la eliminaci\u00f3n de tus datos personales en cualquier momento. Para ejercer estos derechos, cont\u00e1ctanos enviando un correo electr\u00f3nico a criaderocaninodianadelajara@gmail.com .<\/p>\n<h2>Cambios en la Pol\u00edtica de Privacidad<\/h2>\n<p>Nos reservamos el derecho de modificar esta pol\u00edtica de privacidad en cualquier momento para adaptarla a futuras novedades legales o cambios en nuestra gesti\u00f3n de datos. Las actualizaciones ser\u00e1n publicadas en esta misma p\u00e1gina, por lo que te recomendamos revisarla peri\u00f3dicamente.<\/p>\n<h2>Contacto<\/h2>\n<p>Si tienes alguna pregunta sobre esta pol\u00edtica de privacidad o el uso de tus datos personales, no dudes en contactarnos a trav\u00e9s del email criaderocaninodianadelajara@gmail.com\u00a0o en nuestra <a href=\"https:\/\/dianadelajara.com\/pt\/contacto\/\">p\u00e1gina de contacto<\/a>\u00a0indicando en el asunto del formulario la palabra \u00abPrivacidad\u00bb.<\/p>\n\n\n<p><\/p>","protected":false},"excerpt":{"rendered":"<p>En Criadero Canino Diana de la Jara estamos comprometidos con la protecci\u00f3n de los datos personales de nuestros usuarios. Esta pol\u00edtica explica c\u00f3mo recopilamos, utilizamos y protegemos la informaci\u00f3n de quienes visitan nuestro sitio web. Informaci\u00f3n General Raz\u00f3n social: Criadero &#8230; <a title=\"Pol\u00edtica de privacidad\" class=\"read-more\" href=\"https:\/\/dianadelajara.com\/pt\/politica-de-privacidad\/\" aria-label=\"Leia mais sobre Pol\u00edtica de privacidad\">Ler mais<\/a><\/p>","protected":false},"author":1,"featured_media":0,"parent":0,"menu_order":0,"comment_status":"closed","ping_status":"open","template":"","meta":{"_eb_attr":"","Raza":"","Precio":"","Sexo":"","Color":"","Tama\u00f1o":"","Fecha_Nacimiento":"","Entrega_Edad":"","ID_Nocodb":"","footnotes":""},"class_list":["post-3","page","type-page","status-publish"],"_links":{"self":[{"href":"https:\/\/dianadelajara.com\/pt\/wp-json\/wp\/v2\/pages\/3","targetHints":{"allow":["GET"]}}],"collection":[{"href":"https:\/\/dianadelajara.com\/pt\/wp-json\/wp\/v2\/pages"}],"about":[{"href":"https:\/\/dianadelajara.com\/pt\/wp-json\/wp\/v2\/types\/page"}],"author":[{"embeddable":true,"href":"https:\/\/dianadelajara.com\/pt\/wp-json\/wp\/v2\/users\/1"}],"replies":[{"embeddable":true,"href":"https:\/\/dianadelajara.com\/pt\/wp-json\/wp\/v2\/comments?post=3"}],"version-history":[{"count":1,"href":"https:\/\/dianadelajara.com\/pt\/wp-json\/wp\/v2\/pages\/3\/revisions"}],"predecessor-version":[{"id":8829,"href":"https:\/\/dianadelajara.com\/pt\/wp-json\/wp\/v2\/pages\/3\/revisions\/8829"}],"wp:attachment":[{"href":"https:\/\/dianadelajara.com\/pt\/wp-json\/wp\/v2\/media?parent=3"}],"curies":[{"name":"wp","href":"https:\/\/api.w.org\/{rel}","templated":true}]}}