{"id":7104,"date":"2025-06-24T17:41:32","date_gmt":"2025-06-24T15:41:32","guid":{"rendered":"https:\/\/dianadelajara.com\/?page_id=7104"},"modified":"2025-06-25T19:17:35","modified_gmt":"2025-06-25T17:17:35","slug":"fotos-bulldog-frances","status":"publish","type":"page","link":"https:\/\/dianadelajara.com\/fr\/photos-de-bouledogues-francais\/","title":{"rendered":"Photos Bouledogue fran\u00e7ais"},"content":{"rendered":"<p>Galerie de photos de bouledogues fran\u00e7ais, les derni\u00e8res photos prises de nos chiots bouledogues fran\u00e7ais, \u00e9galement connus sous le nom de bouledogues fran\u00e7ais. <em>frenchies<\/em>.<\/p>\n\n\n\n<div class=\"wp-block-image-gallery-block-image-gallery-block\"><div class=\"eb-parent-wrapper eb-parent-eb-image-gallery-snaal\"><div class=\"eb-gallery-img-wrapper eb-image-gallery-snaal grid overlay-bottom caption-style-0   no-isotope\" data-id=\"eb-image-gallery-snaal\"><a href=\"https:\/\/dianadelajara.com\/wp-content\/uploads\/2025\/06\/image00041.jpeg\" rel=\"noopener\" data-fslightbox=\"gallery\" data-type=\"image\" class=\"eb-gallery-img-content eb-filter-img-\"><span class=\"eb-gallery-link-wrapper\"><img decoding=\"async\" class=\"eb-gallery-img\" src=\"https:\/\/dianadelajara.com\/wp-content\/uploads\/2025\/06\/image00041.jpeg\" image-index=\"0\" alt=\"Bouledogue fran\u00e7ais - Diana de la Jara\"\/><\/span><\/a><a href=\"https:\/\/dianadelajara.com\/wp-content\/uploads\/2025\/06\/image00036.jpeg\" rel=\"noopener\" data-fslightbox=\"gallery\" data-type=\"image\" class=\"eb-gallery-img-content eb-filter-img-\"><span class=\"eb-gallery-link-wrapper\"><img decoding=\"async\" class=\"eb-gallery-img\" src=\"https:\/\/dianadelajara.com\/wp-content\/uploads\/2025\/06\/image00036.jpeg\" image-index=\"1\" alt=\"Bouledogue fran\u00e7ais - Diana de la Jara\"\/><\/span><\/a><a href=\"https:\/\/dianadelajara.com\/wp-content\/uploads\/2025\/06\/image00038.jpeg\" rel=\"noopener\" data-fslightbox=\"gallery\" data-type=\"image\" class=\"eb-gallery-img-content eb-filter-img-\"><span class=\"eb-gallery-link-wrapper\"><img decoding=\"async\" class=\"eb-gallery-img\" src=\"https:\/\/dianadelajara.com\/wp-content\/uploads\/2025\/06\/image00038.jpeg\" image-index=\"2\" alt=\"Bouledogue fran\u00e7ais - Diana de la Jara\"\/><\/span><\/a><a href=\"https:\/\/dianadelajara.com\/wp-content\/uploads\/2025\/06\/image00039.jpeg\" rel=\"noopener\" data-fslightbox=\"gallery\" data-type=\"image\" class=\"eb-gallery-img-content eb-filter-img-\"><span class=\"eb-gallery-link-wrapper\"><img decoding=\"async\" class=\"eb-gallery-img\" src=\"https:\/\/dianadelajara.com\/wp-content\/uploads\/2025\/06\/image00039.jpeg\" image-index=\"3\" alt=\"Bouledogue fran\u00e7ais - Diana de la Jara\"\/><\/span><\/a><a href=\"https:\/\/dianadelajara.com\/wp-content\/uploads\/2025\/06\/image00040.jpeg\" rel=\"noopener\" data-fslightbox=\"gallery\" data-type=\"image\" class=\"eb-gallery-img-content eb-filter-img-\"><span class=\"eb-gallery-link-wrapper\"><img decoding=\"async\" class=\"eb-gallery-img\" src=\"https:\/\/dianadelajara.com\/wp-content\/uploads\/2025\/06\/image00040.jpeg\" image-index=\"4\" alt=\"Bouledogue fran\u00e7ais - Diana de la Jara\"\/><\/span><\/a><a href=\"https:\/\/dianadelajara.com\/wp-content\/uploads\/2025\/06\/image00042.jpeg\" rel=\"noopener\" data-fslightbox=\"gallery\" data-type=\"image\" class=\"eb-gallery-img-content eb-filter-img-\"><span class=\"eb-gallery-link-wrapper\"><img decoding=\"async\" class=\"eb-gallery-img\" src=\"https:\/\/dianadelajara.com\/wp-content\/uploads\/2025\/06\/image00042.jpeg\" image-index=\"5\" alt=\"Bouledogue fran\u00e7ais - Diana de la Jara\"\/><\/span><\/a><a href=\"https:\/\/dianadelajara.com\/wp-content\/uploads\/2025\/06\/image00037.jpeg\" rel=\"noopener\" data-fslightbox=\"gallery\" data-type=\"image\" class=\"eb-gallery-img-content eb-filter-img-\"><span class=\"eb-gallery-link-wrapper\"><img decoding=\"async\" class=\"eb-gallery-img\" src=\"https:\/\/dianadelajara.com\/wp-content\/uploads\/2025\/06\/image00037.jpeg\" image-index=\"6\" alt=\"Bouledogue fran\u00e7ais - Diana de la Jara\"\/><\/span><\/a><a href=\"https:\/\/dianadelajara.com\/wp-content\/uploads\/2025\/06\/image00035.jpeg\" rel=\"noopener\" data-fslightbox=\"gallery\" data-type=\"image\" class=\"eb-gallery-img-content eb-filter-img-\"><span class=\"eb-gallery-link-wrapper\"><img decoding=\"async\" class=\"eb-gallery-img\" src=\"https:\/\/dianadelajara.com\/wp-content\/uploads\/2025\/06\/image00035.jpeg\" image-index=\"7\" alt=\"Bouledogue fran\u00e7ais - Diana de la Jara\"\/><\/span><\/a><a href=\"https:\/\/dianadelajara.com\/wp-content\/uploads\/2025\/06\/image00030-e1750778649782.jpeg\" rel=\"noopener\" data-fslightbox=\"gallery\" data-type=\"image\" class=\"eb-gallery-img-content eb-filter-img-\"><span class=\"eb-gallery-link-wrapper\"><img decoding=\"async\" class=\"eb-gallery-img\" src=\"https:\/\/dianadelajara.com\/wp-content\/uploads\/2025\/06\/image00030-e1750778649782.jpeg\" image-index=\"8\" alt=\"Bouledogue fran\u00e7ais - Diana de la Jara\"\/><\/span><\/a><a href=\"https:\/\/dianadelajara.com\/wp-content\/uploads\/2025\/06\/image00029-e1750778682407.jpeg\" rel=\"noopener\" data-fslightbox=\"gallery\" data-type=\"image\" class=\"eb-gallery-img-content eb-filter-img-\"><span class=\"eb-gallery-link-wrapper\"><img decoding=\"async\" class=\"eb-gallery-img\" src=\"https:\/\/dianadelajara.com\/wp-content\/uploads\/2025\/06\/image00029-e1750778682407.jpeg\" image-index=\"9\" alt=\"Bouledogue fran\u00e7ais - Diana de la Jara\"\/><\/span><\/a><a href=\"https:\/\/dianadelajara.com\/wp-content\/uploads\/2025\/06\/image00027.jpeg\" rel=\"noopener\" data-fslightbox=\"gallery\" data-type=\"image\" class=\"eb-gallery-img-content eb-filter-img-\"><span class=\"eb-gallery-link-wrapper\"><img decoding=\"async\" class=\"eb-gallery-img\" src=\"https:\/\/dianadelajara.com\/wp-content\/uploads\/2025\/06\/image00027.jpeg\" image-index=\"10\" alt=\"Bouledogue fran\u00e7ais - Diana de la Jara\"\/><\/span><\/a><a href=\"https:\/\/dianadelajara.com\/wp-content\/uploads\/2025\/06\/image00034.jpeg\" rel=\"noopener\" data-fslightbox=\"gallery\" data-type=\"image\" class=\"eb-gallery-img-content eb-filter-img-\"><span class=\"eb-gallery-link-wrapper\"><img decoding=\"async\" class=\"eb-gallery-img\" src=\"https:\/\/dianadelajara.com\/wp-content\/uploads\/2025\/06\/image00034.jpeg\" image-index=\"11\" alt=\"Bouledogue fran\u00e7ais - Diana de la Jara\"\/><\/span><\/a><a href=\"https:\/\/dianadelajara.com\/wp-content\/uploads\/2025\/06\/image00033.jpeg\" rel=\"noopener\" data-fslightbox=\"gallery\" data-type=\"image\" class=\"eb-gallery-img-content eb-filter-img-\"><span class=\"eb-gallery-link-wrapper\"><img decoding=\"async\" class=\"eb-gallery-img\" src=\"https:\/\/dianadelajara.com\/wp-content\/uploads\/2025\/06\/image00033.jpeg\" image-index=\"12\" alt=\"Bouledogue fran\u00e7ais - Diana de la Jara\"\/><\/span><\/a><a href=\"https:\/\/dianadelajara.com\/wp-content\/uploads\/2025\/06\/image00031.jpeg\" rel=\"noopener\" data-fslightbox=\"gallery\" data-type=\"image\" class=\"eb-gallery-img-content eb-filter-img-\"><span class=\"eb-gallery-link-wrapper\"><img decoding=\"async\" class=\"eb-gallery-img\" src=\"https:\/\/dianadelajara.com\/wp-content\/uploads\/2025\/06\/image00031.jpeg\" image-index=\"13\" alt=\"Bouledogue fran\u00e7ais - Diana de la Jara\"\/><\/span><\/a><a href=\"https:\/\/dianadelajara.com\/wp-content\/uploads\/2025\/06\/image00032-e1750779573623.jpeg\" rel=\"noopener\" data-fslightbox=\"gallery\" data-type=\"image\" class=\"eb-gallery-img-content eb-filter-img-\"><span class=\"eb-gallery-link-wrapper\"><img decoding=\"async\" class=\"eb-gallery-img\" src=\"https:\/\/dianadelajara.com\/wp-content\/uploads\/2025\/06\/image00032-e1750779573623.jpeg\" image-index=\"14\" alt=\"\"\/><\/span><\/a><a href=\"https:\/\/dianadelajara.com\/wp-content\/uploads\/2025\/05\/bulldog-frances-diana-de-la-jara-5.jpg\" rel=\"noopener\" data-fslightbox=\"gallery\" data-type=\"image\" class=\"eb-gallery-img-content eb-filter-img-\"><span class=\"eb-gallery-link-wrapper\"><img decoding=\"async\" class=\"eb-gallery-img\" src=\"https:\/\/dianadelajara.com\/wp-content\/uploads\/2025\/05\/bulldog-frances-diana-de-la-jara-5.jpg\" image-index=\"15\" alt=\"bulldog frances diana de la jara 5\"\/><\/span><\/a><a href=\"https:\/\/dianadelajara.com\/wp-content\/uploads\/2025\/05\/bulldog-frances-diana-de-la-jara-4.jpg\" rel=\"noopener\" data-fslightbox=\"gallery\" data-type=\"image\" class=\"eb-gallery-img-content eb-filter-img-\"><span class=\"eb-gallery-link-wrapper\"><img decoding=\"async\" class=\"eb-gallery-img\" src=\"https:\/\/dianadelajara.com\/wp-content\/uploads\/2025\/05\/bulldog-frances-diana-de-la-jara-4.jpg\" image-index=\"16\" alt=\"bulldog frances diana de la jara 5\"\/><\/span><\/a><a href=\"https:\/\/dianadelajara.com\/wp-content\/uploads\/2025\/05\/bulldog-frances-diana-de-la-jara-3.jpg\" rel=\"noopener\" data-fslightbox=\"gallery\" data-type=\"image\" class=\"eb-gallery-img-content eb-filter-img-\"><span class=\"eb-gallery-link-wrapper\"><img decoding=\"async\" class=\"eb-gallery-img\" src=\"https:\/\/dianadelajara.com\/wp-content\/uploads\/2025\/05\/bulldog-frances-diana-de-la-jara-3.jpg\" image-index=\"17\" alt=\"bouledogue fran\u00e7ais diana de la jara\"\/><\/span><\/a><a href=\"https:\/\/dianadelajara.com\/wp-content\/uploads\/2025\/05\/bulldog-frances-diana-de-la-jara-2.jpg\" rel=\"noopener\" data-fslightbox=\"gallery\" data-type=\"image\" class=\"eb-gallery-img-content eb-filter-img-\"><span class=\"eb-gallery-link-wrapper\"><img decoding=\"async\" class=\"eb-gallery-img\" src=\"https:\/\/dianadelajara.com\/wp-content\/uploads\/2025\/05\/bulldog-frances-diana-de-la-jara-2.jpg\" image-index=\"18\" alt=\"bouledogue fran\u00e7ais diana de la jara\"\/><\/span><\/a><a href=\"https:\/\/dianadelajara.com\/wp-content\/uploads\/2025\/05\/bulldog-frances-diana-de-la-jara.jpg\" rel=\"noopener\" data-fslightbox=\"gallery\" data-type=\"image\" class=\"eb-gallery-img-content eb-filter-img-\"><span class=\"eb-gallery-link-wrapper\"><img decoding=\"async\" class=\"eb-gallery-img\" src=\"https:\/\/dianadelajara.com\/wp-content\/uploads\/2025\/05\/bulldog-frances-diana-de-la-jara.jpg\" image-index=\"19\" alt=\"bouledogue fran\u00e7ais diana de la jara\"\/><\/span><\/a><a href=\"https:\/\/dianadelajara.com\/wp-content\/uploads\/2025\/02\/cachorro-criadero-diana-de-la-jara-1.jpg\" rel=\"noopener\" data-fslightbox=\"gallery\" data-type=\"image\" class=\"eb-gallery-img-content eb-filter-img-\"><span class=\"eb-gallery-link-wrapper\"><img decoding=\"async\" class=\"eb-gallery-img\" src=\"https:\/\/dianadelajara.com\/wp-content\/uploads\/2025\/02\/cachorro-criadero-diana-de-la-jara-1.jpg\" image-index=\"20\" alt=\"\"\/><\/span><\/a><\/div><\/div><\/div>\n\n\n\n<p>Bienvenue dans notre galerie exclusive de&nbsp;<strong>photos Bouledogue fran\u00e7ais<\/strong>o\u00f9 nous vous invitons \u00e0 d\u00e9couvrir la tendresse, le caract\u00e8re et la beaut\u00e9 des chiots bouledogues fran\u00e7ais, affectueusement appel\u00e9s frenchies, \u00e9lev\u00e9s avec d\u00e9vouement et amour \u00e0 l'\u00e9levage Diana de la Jara. Si vous cherchez&nbsp;<strong>photos Bouledogue fran\u00e7ais<\/strong>&nbsp;Pour en savoir plus sur la race, vous inspirer ou simplement admirer d'adorables photos, vous \u00eates au bon endroit.<\/p>\n\n\n\n<h2 class=\"wp-block-heading\" id=\"bulldog-francs-una-raza-nica\">Bouledogue fran\u00e7ais : une race unique<\/h2>\n\n\n\n<p>Le&nbsp;<strong>Bouledogue fran\u00e7ais<\/strong>&nbsp;est l'une des races de chiens les plus populaires et les plus appr\u00e9ci\u00e9es au monde. Sa petite taille, sa nature amicale et son apparence unique en font le compagnon id\u00e9al des familles, des couples et des personnes \u00e0 la recherche d'un ami loyal et aimant s'amuser. Dans notre galerie de&nbsp;<strong>photos Bouledogue fran\u00e7ais<\/strong>&nbsp;vous pourrez appr\u00e9cier chaque d\u00e9tail de ces petits g\u00e9ants : leurs oreilles de chauve-souris, leur regard expressif et leur corps compact et robuste.<\/p>\n\n\n\n<h2 class=\"wp-block-heading\" id=\"por-qu-ver-fotos-bulldog-francs\">Pourquoi regarder des photos de bouledogues fran\u00e7ais ?<\/h2>\n\n\n\n<p>Voici\u00a0<strong>photos Bouledogue fran\u00e7ais<\/strong>\u00a0est une exp\u00e9rience qui illumine la journ\u00e9e. Chaque image capture l'essence de la race : sa tendresse, son \u00e9nergie et sa capacit\u00e9 \u00e0 transmettre des \u00e9motions d'un simple regard. \u00c0 l'\u00e9levage Diana de la Jara, nous sommes fiers de ce qui suit <a href=\"https:\/\/dianadelajara.com\/fr\/races\/bulldog-frances\/chenil-pour-bouledogues-francais\/\" data-type=\"post\" data-id=\"4693\">\u00e9levage de frenchies<\/a> sains, \u00e9quilibr\u00e9s et heureux, soign\u00e9s avec le plus grand respect et le plus grand professionnalisme. Notre galerie de\u00a0<strong>photos Bouledogue fran\u00e7ais<\/strong>\u00a0est le meilleur t\u00e9moignage de notre travail et de la qualit\u00e9 de nos chiots.<\/p>\n\n\n\n<h2 class=\"wp-block-heading\" id=\"colores-y-patrones-en-nuestra-galera-de-fotos-bull\">Couleurs et motifs dans notre galerie de photos de bouledogues fran\u00e7ais<\/h2>\n\n\n\n<p>L'une des caract\u00e9ristiques les plus fascinantes du bouledogue fran\u00e7ais est la vari\u00e9t\u00e9 de couleurs et de motifs qu'il peut pr\u00e9senter. Dans notre galerie de&nbsp;<strong>photos Bouledogue fran\u00e7ais<\/strong>&nbsp;Vous trouverez des exemples dans les couleurs les plus populaires ainsi que dans des teintes plus exclusives :<\/p>\n\n\n\n<ul class=\"wp-block-list\">\n<li><strong>Tabby<\/strong>Le motif le plus courant, avec des rayures sombres sur un fond plus clair, est un classique chez les Frenchies. C'est un classique chez les Frenchies.<\/li>\n\n\n\n<li><strong>Fauve<\/strong>Un ton chaud, entre le beige et le dor\u00e9, qui fait ressortir la beaut\u00e9 naturelle de la race.<\/li>\n\n\n\n<li><strong>Pied<\/strong>Les taches blanches avec des taches noires ou grises pr\u00e9dominent, cr\u00e9ant un effet unique sur chaque chiot.<\/li>\n\n\n\n<li><strong>Cr\u00e8me<\/strong>Poil doux et l\u00e9ger, id\u00e9al pour ceux qui recherchent un frenchie \u00e9l\u00e9gant et d\u00e9licat.<\/li>\n\n\n\n<li><strong>Blanc<\/strong>La couleur : Une couleur pure et lumineuse, qui met en valeur l'expression et la gentillesse de ces chiens.<\/li>\n<\/ul>\n\n\n\n<p>Chacun de nos&nbsp;<strong>photos Bouledogue fran\u00e7ais<\/strong>&nbsp;montre la diversit\u00e9 et le charme de la race, permettant d'appr\u00e9cier les diff\u00e9rences et les similitudes entre les diff\u00e9rentes couleurs et les diff\u00e9rents motifs.<\/p>\n\n\n\n<h2 class=\"wp-block-heading\" id=\"el-da-a-da-de-los-cachorros-fotos-bulldog-francs-e\">Journ\u00e9e du chiot : Bulldog fran\u00e7ais en action Photos<\/h2>\n\n\n\n<p>A l'\u00e9levage Diana de la Jara, nous nous effor\u00e7ons d'offrir \u00e0 nos chiots bouledogues fran\u00e7ais un environnement s\u00fbr, stimulant et affectueux. Notre galerie de&nbsp;<strong>photos Bouledogue fran\u00e7ais<\/strong>&nbsp;comprend des images des frenchies en train de jouer, de se reposer, d'interagir avec d'autres chiens et d'\u00eatre soign\u00e9s et c\u00e2lin\u00e9s par notre \u00e9quipe professionnelle.<\/p>\n\n\n\n<p>Voir&nbsp;<strong>photos Bouledogue fran\u00e7ais<\/strong>&nbsp;dans leurs premiers jours de vie, apprenant \u00e0 marcher, explorant leur environnement et d\u00e9couvrant le monde qui les entoure. Vous trouverez \u00e9galement des images de chiots bouledogues fran\u00e7ais en train de socialiser, de participer \u00e0 des s\u00e9ances d'\u00e9ducation de base et de profiter de moments de d\u00e9tente dans notre chenil.<\/p>\n\n\n\n<h2 class=\"wp-block-heading\" id=\"cmo-elegir-el-bulldog-francs-perfecto-las-fotos-bu\">Comment choisir le bouledogue fran\u00e7ais id\u00e9al ? Photos de bouledogues fran\u00e7ais pour vous aider<\/h2>\n\n\n\n<p>Si vous envisagez d'adopter ou d'acheter un bouledogue fran\u00e7ais, notre galerie d'images de bouledogues fran\u00e7ais est faite pour vous.&nbsp;<strong>photos Bouledogue fran\u00e7ais<\/strong>&nbsp;est un outil essentiel. L'observation des chiots dans diff\u00e9rentes situations vous donnera un aper\u00e7u de leur personnalit\u00e9, de leur niveau d'\u00e9nergie et de leur adaptation \u00e0 leur environnement.<\/p>\n\n\n\n<p>\u00c0 l'\u00e9levage Diana de la Jara, nous s\u00e9lectionnons soigneusement chacun de nos frenchies, en veillant \u00e0 ce qu'ils r\u00e9pondent aux normes de la race et qu'ils soient en bonne sant\u00e9, \u00e9quilibr\u00e9s et sociables. Nos&nbsp;<strong>photos Bouledogue fran\u00e7ais<\/strong>&nbsp;vous aidera \u00e0 trouver le chiot qui correspond le mieux \u00e0 votre style de vie et \u00e0 vos attentes.<\/p>\n\n\n\n<h2 class=\"wp-block-heading\" id=\"bulldog-francs-cuidados-y-curiosidades\">Bouledogue fran\u00e7ais : Soins et curiosit\u00e9s<\/h2>\n\n\n\n<p>Le bouledogue fran\u00e7ais est une race qui demande peu d'entretien, mais qui n\u00e9cessite des soins sp\u00e9cifiques pour assurer son bien-\u00eatre. Dans notre galerie de&nbsp;<strong>photos Bouledogue fran\u00e7ais<\/strong>&nbsp;Vous y trouverez des photos illustrant le toilettage, l'alimentation, les promenades et les jeux, ainsi que des conseils pratiques sur la fa\u00e7on de prendre soin de votre frenchie \u00e0 la maison.<\/p>\n\n\n\n<p>Quelques faits curieux sur le bouledogue fran\u00e7ais que vous pouvez voir dans notre&nbsp;<strong>photos Bouledogue fran\u00e7ais<\/strong>:<\/p>\n\n\n\n<ul class=\"wp-block-list\">\n<li><strong>Le temp\u00e9rament<\/strong>C'est un chien joyeux, affectueux et tr\u00e8s sociable, id\u00e9al pour la vie de famille.<\/li>\n\n\n\n<li><strong>Activit\u00e9<\/strong>Les chiens de tra\u00eeneau : Bien qu'\u00e9nergiques, ils n'ont pas besoin d'une grande dose d'exercice. Ils appr\u00e9cient les petites promenades et les jeux \u00e0 la maison.<\/li>\n\n\n\n<li><strong>Sant\u00e9<\/strong>En raison de leur morphologie brachyc\u00e9phale, ils doivent faire l'objet d'une attention particuli\u00e8re au niveau de la respiration et de la peau.<\/li>\n\n\n\n<li><strong>Coexistence<\/strong>Ils s'entendent bien avec les enfants, les adultes et les autres animaux domestiques, \u00e0 condition qu'ils soient habitu\u00e9s \u00e0 eux d\u00e8s leur plus jeune \u00e2ge.<\/li>\n<\/ul>\n\n\n\n<h2 class=\"wp-block-heading\" id=\"fotos-bulldog-francs-un-recuerdo-para-toda-la-vida\">Photos de bouledogues fran\u00e7ais : un souvenir pour la vie<\/h2>\n\n\n\n<p>Le Bouledogue Fran\u00e7ais est un compagnon de vie, un ami fid\u00e8le qui remplit chaque jour de joie. \u00c0 l'\u00e9levage Diana de la Jara, nous sommes ravis de vous pr\u00e9senter notre galerie de bouledogues fran\u00e7ais.&nbsp;<strong>photos Bouledogue fran\u00e7ais<\/strong>&nbsp;avec tous les amoureux de la race. Chaque image est un souvenir unique, un moment de bonheur \u00e0 savourer encore et encore.<\/p>\n\n\n\n<p>Nous vous invitons \u00e0 d\u00e9couvrir notre collection de&nbsp;<strong>photos Bouledogue fran\u00e7ais<\/strong>N'h\u00e9sitez pas \u00e0 partager vos coups de c\u0153ur et \u00e0 nous contacter si vous souhaitez plus d'informations sur nos chiots disponibles. Nous nous engageons \u00e0 pratiquer un \u00e9levage responsable et \u00e0 veiller au bien-\u00eatre de chacun de nos frenchies.<\/p>\n\n\n\n<h2 class=\"wp-block-heading\" id=\"por-qu-elegir-el-criadero-diana-de-la-jara\">Pourquoi choisir l'\u00e9levage Diana de la Jara ?<\/h2>\n\n\n\n<p>A l'\u00e9levage Diana de la Jara, la passion pour le Bouledogue Fran\u00e7ais est l'une de nos principales raisons d'\u00eatre. Nous nous consacrons \u00e0 la <strong>la parentalit\u00e9 professionnelle et \u00e9thique<\/strong>Nous nous engageons \u00e0 respecter les normes les plus strictes en mati\u00e8re de qualit\u00e9 et de bien-\u00eatre des animaux. Notre galerie de&nbsp;<strong>photos Bouledogue fran\u00e7ais<\/strong>&nbsp;est la meilleure lettre d'introduction \u00e0 notre travail et \u00e0 notre engagement envers la race.<\/p>\n\n\n\n<p>Lorsque vous recherchez&nbsp;<strong>photos Bouledogue fran\u00e7ais<\/strong>N'oubliez pas que derri\u00e8re chaque photo se cache une histoire de soins, de d\u00e9vouement et d'amour. Nous vous invitons \u00e0 rencontrer nos chiots, \u00e0 visiter notre chenil et \u00e0 faire partie de la grande famille des amoureux des bouledogues fran\u00e7ais.<\/p>\n\n\n\n<h2 class=\"wp-block-heading\" id=\"conclusin\">Conclusion<\/h2>\n\n\n\n<p>La galerie de&nbsp;<strong>photos Bouledogue fran\u00e7ais<\/strong>&nbsp;L'\u00e9levage Diana de la Jara est une fen\u00eatre sur le monde des frenchies, une occasion de d\u00e9couvrir la magie de cette race et de tomber amoureux de chacun de nos chiots. Explorez nos images, partagez votre exp\u00e9rience et laissez-vous s\u00e9duire par la tendresse et le caract\u00e8re du bouledogue fran\u00e7ais, nous vous attendons \u00e0 l'\u00e9levage Diana de la Jara !<\/p>","protected":false},"excerpt":{"rendered":"<p>Galer\u00eda de fotos Bulldog Frances, las \u00faltimas fotos tomadas a nuestros cachorritos de Bulldog Franc\u00e9s, tambi\u00e9n conocidos como frenchies. Bienvenido a nuestra exclusiva galer\u00eda de&nbsp;fotos Bulldog Franc\u00e9s, donde te invitamos a descubrir la ternura, el car\u00e1cter y la belleza de &#8230; <a title=\"Photos Bouledogue fran\u00e7ais\" class=\"read-more\" href=\"https:\/\/dianadelajara.com\/fr\/photos-de-bouledogues-francais\/\" aria-label=\"En savoir plus sur Fotos Bulldog Franc\u00e9s\">Lire plus<\/a><\/p>","protected":false},"author":1,"featured_media":0,"parent":0,"menu_order":0,"comment_status":"closed","ping_status":"closed","template":"","meta":{"_eb_attr":"","Raza":"","Precio":"","Sexo":"","Color":"","Tama\u00f1o":"","Fecha_Nacimiento":"","Entrega_Edad":"","ID_Nocodb":"","footnotes":""},"class_list":["post-7104","page","type-page","status-publish"],"_links":{"self":[{"href":"https:\/\/dianadelajara.com\/fr\/wp-json\/wp\/v2\/pages\/7104","targetHints":{"allow":["GET"]}}],"collection":[{"href":"https:\/\/dianadelajara.com\/fr\/wp-json\/wp\/v2\/pages"}],"about":[{"href":"https:\/\/dianadelajara.com\/fr\/wp-json\/wp\/v2\/types\/page"}],"author":[{"embeddable":true,"href":"https:\/\/dianadelajara.com\/fr\/wp-json\/wp\/v2\/users\/1"}],"replies":[{"embeddable":true,"href":"https:\/\/dianadelajara.com\/fr\/wp-json\/wp\/v2\/comments?post=7104"}],"version-history":[{"count":0,"href":"https:\/\/dianadelajara.com\/fr\/wp-json\/wp\/v2\/pages\/7104\/revisions"}],"wp:attachment":[{"href":"https:\/\/dianadelajara.com\/fr\/wp-json\/wp\/v2\/media?parent=7104"}],"curies":[{"name":"wp","href":"https:\/\/api.w.org\/{rel}","templated":true}]}}