{"id":3,"date":"2024-04-26T22:16:09","date_gmt":"2024-04-26T20:16:09","guid":{"rendered":"https:\/\/dianadelajara.com\/?page_id=3"},"modified":"2025-10-13T23:53:35","modified_gmt":"2025-10-13T21:53:35","slug":"politica-de-privacidad","status":"publish","type":"page","link":"https:\/\/dianadelajara.com\/fr\/politique-de-confidentialite\/","title":{"rendered":"Politique de confidentialit\u00e9"},"content":{"rendered":"<p>Au <strong>Chenil Diana de la Jara<\/strong> nous nous engageons \u00e0 prot\u00e9ger les donn\u00e9es personnelles de nos utilisateurs. Cette politique explique comment nous recueillons, utilisons et prot\u00e9geons les informations concernant les visiteurs de notre site web.<\/p>\n<h2>Informations g\u00e9n\u00e9rales<\/h2>\n<p>Nom de l'entreprise : <strong>Chenil Diana de la Jara<\/strong><\/p>\n<p>Adresse : Calle Molino, 7, 18640 Padul, Granada<\/p>\n<p>Courriel de contact : criaderocaninodianadelajara@gmail.com<\/p>\n<p>FNI : <span class=\"fontstyle0\">38547662F<\/span>\u00a0<\/p>\n<p>Adresse web : <a href=\"https:\/\/dianadelajara.com\/fr\/\">https:\/\/dianadelajara.com<\/a><\/p>\n<h2>Collecte et utilisation des donn\u00e9es personnelles<\/h2>\n<p>Sur notre site web, nous ne collectons que les donn\u00e9es personnelles n\u00e9cessaires pour vous offrir la meilleure exp\u00e9rience possible. Nous utilisons la plateforme de gestion de contenu <strong>WordPress<\/strong>qui peut collecter certaines donn\u00e9es techniques, comme expliqu\u00e9 ci-dessous.<\/p>\n<h3>Donn\u00e9es collect\u00e9es automatiquement<\/h3>\n<p>Lorsque vous visitez notre site web, certaines informations techniques sont automatiquement collect\u00e9es, telles que l'adresse IP, le type de navigateur et l'appareil utilis\u00e9. Ces donn\u00e9es sont g\u00e9r\u00e9es par WordPress et nous aident \u00e0 am\u00e9liorer le fonctionnement de notre site.<\/p>\n<h3>Informations collect\u00e9es au moyen de formulaires<\/h3>\n<p>Si vous choisissez de nous contacter par le biais d'un formulaire sur notre site web, nous ne vous demanderons que les informations strictement n\u00e9cessaires pour r\u00e9pondre \u00e0 votre demande. Nous ne partageons pas ces informations avec des tiers et les utilisons uniquement \u00e0 des fins de communication.<\/p>\n<h2>Utilisation d'images et de contenus li\u00e9s \u00e0 nos chiens<\/h2>\n<p>Au <strong>Chenil Diana de la Jara<\/strong> Nous publions des photos et des descriptions de nos chiens pour montrer \u00e0 nos visiteurs les races que nous \u00e9levons. Toutes les photos et descriptions de nos chiens sont la propri\u00e9t\u00e9 exclusive de l'\u00e9levage et sont publi\u00e9es \u00e0 titre d'information uniquement.<\/p>\n<h2>Cookies<\/h2>\n<p>Notre site web peut utiliser des cookies pour am\u00e9liorer l'exp\u00e9rience de l'utilisateur. Les cookies sont de petits fichiers de donn\u00e9es qui sont stock\u00e9s sur votre appareil lorsque vous visitez notre site. Vous pouvez d\u00e9sactiver les cookies \u00e0 tout moment par le biais des param\u00e8tres de votre navigateur. Pour plus d'informations, nous vous recommandons de visiter notre site web \u00e0 l'adresse suivante <a href=\"https:\/\/dianadelajara.com\/fr\/politique-en-matiere-de-cookies\/\">politique en mati\u00e8re de cookies<\/a>.<\/p>\n<h2>S\u00e9curit\u00e9 des donn\u00e9es<\/h2>\n<p>Nous nous engageons \u00e0 prot\u00e9ger les donn\u00e9es personnelles de nos utilisateurs et \u00e0 mettre en \u0153uvre des mesures de s\u00e9curit\u00e9 techniques et organisationnelles pour \u00e9viter leur perte, leur modification ou leur acc\u00e8s non autoris\u00e9.<\/p>\n<h2>Droits de l'utilisateur<\/h2>\n<p>En tant qu'utilisateur, vous disposez \u00e0 tout moment d'un droit d'acc\u00e8s, de rectification ou de suppression de vos donn\u00e9es personnelles. Pour exercer ces droits, veuillez nous contacter en envoyant un courriel \u00e0 criaderocaninodianadelajara@gmail.com .<\/p>\n<h2>Modifications de la politique de confidentialit\u00e9<\/h2>\n<p>Nous nous r\u00e9servons le droit de modifier cette politique de confidentialit\u00e9 \u00e0 tout moment pour l'adapter aux d\u00e9veloppements juridiques futurs ou aux changements dans notre gestion des donn\u00e9es. Les mises \u00e0 jour seront publi\u00e9es sur cette page, nous vous invitons donc \u00e0 la consulter r\u00e9guli\u00e8rement.<\/p>\n<h2>Contact<\/h2>\n<p>Si vous avez des questions concernant cette politique de confidentialit\u00e9 ou l'utilisation de vos donn\u00e9es personnelles, n'h\u00e9sitez pas \u00e0 nous contacter par courrier \u00e9lectronique \u00e0 l'adresse criaderocaninodianadelajara@gmail.com ou sur notre site web. <a href=\"https:\/\/dianadelajara.com\/fr\/contact\/\">page de contact<\/a>\u00a0en indiquant le mot \"Privacy\" dans l'objet du formulaire.<\/p>\n\n\n<p><\/p>","protected":false},"excerpt":{"rendered":"<p>En Criadero Canino Diana de la Jara estamos comprometidos con la protecci\u00f3n de los datos personales de nuestros usuarios. Esta pol\u00edtica explica c\u00f3mo recopilamos, utilizamos y protegemos la informaci\u00f3n de quienes visitan nuestro sitio web. Informaci\u00f3n General Raz\u00f3n social: Criadero &#8230; <a title=\"Politique de confidentialit\u00e9\" class=\"read-more\" href=\"https:\/\/dianadelajara.com\/fr\/politique-de-confidentialite\/\" aria-label=\"En savoir plus sur Pol\u00edtica de privacidad\">Lire plus<\/a><\/p>","protected":false},"author":1,"featured_media":0,"parent":0,"menu_order":0,"comment_status":"closed","ping_status":"open","template":"","meta":{"_eb_attr":"","Raza":"","Precio":"","Sexo":"","Color":"","Tama\u00f1o":"","Fecha_Nacimiento":"","Entrega_Edad":"","ID_Nocodb":"","footnotes":""},"class_list":["post-3","page","type-page","status-publish"],"_links":{"self":[{"href":"https:\/\/dianadelajara.com\/fr\/wp-json\/wp\/v2\/pages\/3","targetHints":{"allow":["GET"]}}],"collection":[{"href":"https:\/\/dianadelajara.com\/fr\/wp-json\/wp\/v2\/pages"}],"about":[{"href":"https:\/\/dianadelajara.com\/fr\/wp-json\/wp\/v2\/types\/page"}],"author":[{"embeddable":true,"href":"https:\/\/dianadelajara.com\/fr\/wp-json\/wp\/v2\/users\/1"}],"replies":[{"embeddable":true,"href":"https:\/\/dianadelajara.com\/fr\/wp-json\/wp\/v2\/comments?post=3"}],"version-history":[{"count":1,"href":"https:\/\/dianadelajara.com\/fr\/wp-json\/wp\/v2\/pages\/3\/revisions"}],"predecessor-version":[{"id":8829,"href":"https:\/\/dianadelajara.com\/fr\/wp-json\/wp\/v2\/pages\/3\/revisions\/8829"}],"wp:attachment":[{"href":"https:\/\/dianadelajara.com\/fr\/wp-json\/wp\/v2\/media?parent=3"}],"curies":[{"name":"wp","href":"https:\/\/api.w.org\/{rel}","templated":true}]}}