{"id":7108,"date":"2025-06-25T19:17:50","date_gmt":"2025-06-25T17:17:50","guid":{"rendered":"https:\/\/dianadelajara.com\/?page_id=7108"},"modified":"2025-06-25T19:17:55","modified_gmt":"2025-06-25T17:17:55","slug":"fotos-pomerania","status":"publish","type":"page","link":"https:\/\/dianadelajara.com\/en\/pomeranian-photos\/","title":{"rendered":"Photos Pomerania"},"content":{"rendered":"<p>Pomeranian photo gallery, the latest photos taken of our Pomeranian puppies, also known as Pomeranian puppies, also known as <em>Lulu the Pomeranian<\/em>.<\/p>\n\n\n\n<div class=\"wp-block-image-gallery-block-image-gallery-block\"><div class=\"eb-parent-wrapper eb-parent-eb-image-gallery-fwvei\"><div class=\"eb-gallery-img-wrapper eb-image-gallery-fwvei grid overlay-bottom caption-style-0   no-isotope\" data-id=\"eb-image-gallery-fwvei\"><a href=\"https:\/\/dianadelajara.com\/wp-content\/uploads\/2025\/06\/IMG_4297.jpg\" rel=\"noopener\" data-fslightbox=\"gallery\" data-type=\"image\" class=\"eb-gallery-img-content eb-filter-img-\"><span class=\"eb-gallery-link-wrapper\"><img decoding=\"async\" class=\"eb-gallery-img\" src=\"https:\/\/dianadelajara.com\/wp-content\/uploads\/2025\/06\/IMG_4297.jpg\" image-index=\"0\" alt=\"Pomerania - Diana de la Jara\"\/><\/span><\/a><a href=\"https:\/\/dianadelajara.com\/wp-content\/uploads\/2025\/06\/IMG_4295.jpg\" rel=\"noopener\" data-fslightbox=\"gallery\" data-type=\"image\" class=\"eb-gallery-img-content eb-filter-img-\"><span class=\"eb-gallery-link-wrapper\"><img decoding=\"async\" class=\"eb-gallery-img\" src=\"https:\/\/dianadelajara.com\/wp-content\/uploads\/2025\/06\/IMG_4295.jpg\" image-index=\"1\" alt=\"Pomerania - Diana de la Jara\"\/><\/span><\/a><a href=\"https:\/\/dianadelajara.com\/wp-content\/uploads\/2025\/06\/IMG_4292.jpg\" rel=\"noopener\" data-fslightbox=\"gallery\" data-type=\"image\" class=\"eb-gallery-img-content eb-filter-img-\"><span class=\"eb-gallery-link-wrapper\"><img decoding=\"async\" class=\"eb-gallery-img\" src=\"https:\/\/dianadelajara.com\/wp-content\/uploads\/2025\/06\/IMG_4292.jpg\" image-index=\"2\" alt=\"Pomerania - Diana de la Jara\"\/><\/span><\/a><a href=\"https:\/\/dianadelajara.com\/wp-content\/uploads\/2025\/06\/IMG_4291.jpg\" rel=\"noopener\" data-fslightbox=\"gallery\" data-type=\"image\" class=\"eb-gallery-img-content eb-filter-img-\"><span class=\"eb-gallery-link-wrapper\"><img decoding=\"async\" class=\"eb-gallery-img\" src=\"https:\/\/dianadelajara.com\/wp-content\/uploads\/2025\/06\/IMG_4291.jpg\" image-index=\"3\" alt=\"Pomerania - Diana de la Jara\"\/><\/span><\/a><a href=\"https:\/\/dianadelajara.com\/wp-content\/uploads\/2025\/06\/IMG_4290.jpg\" rel=\"noopener\" data-fslightbox=\"gallery\" data-type=\"image\" class=\"eb-gallery-img-content eb-filter-img-\"><span class=\"eb-gallery-link-wrapper\"><img decoding=\"async\" class=\"eb-gallery-img\" src=\"https:\/\/dianadelajara.com\/wp-content\/uploads\/2025\/06\/IMG_4290.jpg\" image-index=\"4\" alt=\"Pomerania - Diana de la Jara\"\/><\/span><\/a><a href=\"https:\/\/dianadelajara.com\/wp-content\/uploads\/2025\/06\/IMG_4288.jpg\" rel=\"noopener\" data-fslightbox=\"gallery\" data-type=\"image\" class=\"eb-gallery-img-content eb-filter-img-\"><span class=\"eb-gallery-link-wrapper\"><img decoding=\"async\" class=\"eb-gallery-img\" src=\"https:\/\/dianadelajara.com\/wp-content\/uploads\/2025\/06\/IMG_4288.jpg\" image-index=\"5\" alt=\"Pomerania - Diana de la Jara\"\/><\/span><\/a><a href=\"https:\/\/dianadelajara.com\/wp-content\/uploads\/2025\/06\/IMG_4287.jpg\" rel=\"noopener\" data-fslightbox=\"gallery\" data-type=\"image\" class=\"eb-gallery-img-content eb-filter-img-\"><span class=\"eb-gallery-link-wrapper\"><img decoding=\"async\" class=\"eb-gallery-img\" src=\"https:\/\/dianadelajara.com\/wp-content\/uploads\/2025\/06\/IMG_4287.jpg\" image-index=\"6\" alt=\"Pomerania - Diana de la Jara\"\/><\/span><\/a><a href=\"https:\/\/dianadelajara.com\/wp-content\/uploads\/2025\/06\/IMG_4284.jpg\" rel=\"noopener\" data-fslightbox=\"gallery\" data-type=\"image\" class=\"eb-gallery-img-content eb-filter-img-\"><span class=\"eb-gallery-link-wrapper\"><img decoding=\"async\" class=\"eb-gallery-img\" src=\"https:\/\/dianadelajara.com\/wp-content\/uploads\/2025\/06\/IMG_4284.jpg\" image-index=\"7\" alt=\"Pomerania - Diana de la Jara\"\/><\/span><\/a><a href=\"https:\/\/dianadelajara.com\/wp-content\/uploads\/2025\/06\/IMG_4281.jpg\" rel=\"noopener\" data-fslightbox=\"gallery\" data-type=\"image\" class=\"eb-gallery-img-content eb-filter-img-\"><span class=\"eb-gallery-link-wrapper\"><img decoding=\"async\" class=\"eb-gallery-img\" src=\"https:\/\/dianadelajara.com\/wp-content\/uploads\/2025\/06\/IMG_4281.jpg\" image-index=\"8\" alt=\"Pomerania - Diana de la Jara\"\/><\/span><\/a><a href=\"https:\/\/dianadelajara.com\/wp-content\/uploads\/2025\/06\/image00065.jpeg\" rel=\"noopener\" data-fslightbox=\"gallery\" data-type=\"image\" class=\"eb-gallery-img-content eb-filter-img-\"><span class=\"eb-gallery-link-wrapper\"><img decoding=\"async\" class=\"eb-gallery-img\" src=\"https:\/\/dianadelajara.com\/wp-content\/uploads\/2025\/06\/image00065.jpeg\" image-index=\"9\" alt=\"Black and white Pomeranian - Diana de la Jara\"\/><\/span><\/a><a href=\"https:\/\/dianadelajara.com\/wp-content\/uploads\/2025\/06\/image00064.jpeg\" rel=\"noopener\" data-fslightbox=\"gallery\" data-type=\"image\" class=\"eb-gallery-img-content eb-filter-img-\"><span class=\"eb-gallery-link-wrapper\"><img decoding=\"async\" class=\"eb-gallery-img\" src=\"https:\/\/dianadelajara.com\/wp-content\/uploads\/2025\/06\/image00064.jpeg\" image-index=\"10\" alt=\"Black and white Pomeranian - Diana de la Jara\"\/><\/span><\/a><a href=\"https:\/\/dianadelajara.com\/wp-content\/uploads\/2025\/06\/image00063.jpeg\" rel=\"noopener\" data-fslightbox=\"gallery\" data-type=\"image\" class=\"eb-gallery-img-content eb-filter-img-\"><span class=\"eb-gallery-link-wrapper\"><img decoding=\"async\" class=\"eb-gallery-img\" src=\"https:\/\/dianadelajara.com\/wp-content\/uploads\/2025\/06\/image00063.jpeg\" image-index=\"11\" alt=\"Black and white Pomeranian - Diana de la Jara\"\/><\/span><\/a><a href=\"https:\/\/dianadelajara.com\/wp-content\/uploads\/2025\/06\/image00062.jpeg\" rel=\"noopener\" data-fslightbox=\"gallery\" data-type=\"image\" class=\"eb-gallery-img-content eb-filter-img-\"><span class=\"eb-gallery-link-wrapper\"><img decoding=\"async\" class=\"eb-gallery-img\" src=\"https:\/\/dianadelajara.com\/wp-content\/uploads\/2025\/06\/image00062.jpeg\" image-index=\"12\" alt=\"Black and white Pomeranian - Diana de la Jara\"\/><\/span><\/a><a href=\"https:\/\/dianadelajara.com\/wp-content\/uploads\/2025\/06\/image00061.jpeg\" rel=\"noopener\" data-fslightbox=\"gallery\" data-type=\"image\" class=\"eb-gallery-img-content eb-filter-img-\"><span class=\"eb-gallery-link-wrapper\"><img decoding=\"async\" class=\"eb-gallery-img\" src=\"https:\/\/dianadelajara.com\/wp-content\/uploads\/2025\/06\/image00061.jpeg\" image-index=\"13\" alt=\"Black and white Pomeranian - Diana de la Jara\"\/><\/span><\/a><a href=\"https:\/\/dianadelajara.com\/wp-content\/uploads\/2025\/06\/image00060.jpeg\" rel=\"noopener\" data-fslightbox=\"gallery\" data-type=\"image\" class=\"eb-gallery-img-content eb-filter-img-\"><span class=\"eb-gallery-link-wrapper\"><img decoding=\"async\" class=\"eb-gallery-img\" src=\"https:\/\/dianadelajara.com\/wp-content\/uploads\/2025\/06\/image00060.jpeg\" image-index=\"14\" alt=\"Black and white Pomeranian - Diana de la Jara\"\/><\/span><\/a><a href=\"https:\/\/dianadelajara.com\/wp-content\/uploads\/2025\/06\/image00059.jpeg\" rel=\"noopener\" data-fslightbox=\"gallery\" data-type=\"image\" class=\"eb-gallery-img-content eb-filter-img-\"><span class=\"eb-gallery-link-wrapper\"><img decoding=\"async\" class=\"eb-gallery-img\" src=\"https:\/\/dianadelajara.com\/wp-content\/uploads\/2025\/06\/image00059.jpeg\" image-index=\"15\" alt=\"Black Pomeranian - Diana de la Jara\"\/><\/span><\/a><a href=\"https:\/\/dianadelajara.com\/wp-content\/uploads\/2025\/06\/image00057.jpeg\" rel=\"noopener\" data-fslightbox=\"gallery\" data-type=\"image\" class=\"eb-gallery-img-content eb-filter-img-\"><span class=\"eb-gallery-link-wrapper\"><img decoding=\"async\" class=\"eb-gallery-img\" src=\"https:\/\/dianadelajara.com\/wp-content\/uploads\/2025\/06\/image00057.jpeg\" image-index=\"16\" alt=\"Black Pomeranian - Diana de la Jara\"\/><\/span><\/a><a href=\"https:\/\/dianadelajara.com\/wp-content\/uploads\/2025\/06\/image00023.jpeg\" rel=\"noopener\" data-fslightbox=\"gallery\" data-type=\"image\" class=\"eb-gallery-img-content eb-filter-img-\"><span class=\"eb-gallery-link-wrapper\"><img decoding=\"async\" class=\"eb-gallery-img\" src=\"https:\/\/dianadelajara.com\/wp-content\/uploads\/2025\/06\/image00023.jpeg\" image-index=\"17\" alt=\"Pomerania - Diana de la Jara\"\/><\/span><\/a><a href=\"https:\/\/dianadelajara.com\/wp-content\/uploads\/2025\/06\/image00010.jpeg\" rel=\"noopener\" data-fslightbox=\"gallery\" data-type=\"image\" class=\"eb-gallery-img-content eb-filter-img-\"><span class=\"eb-gallery-link-wrapper\"><img decoding=\"async\" class=\"eb-gallery-img\" src=\"https:\/\/dianadelajara.com\/wp-content\/uploads\/2025\/06\/image00010.jpeg\" image-index=\"18\" alt=\"Pomeranian Merl\u00e9 - Diana de la Jara\"\/><\/span><\/a><a href=\"https:\/\/dianadelajara.com\/wp-content\/uploads\/2025\/06\/image00009.jpeg\" rel=\"noopener\" data-fslightbox=\"gallery\" data-type=\"image\" class=\"eb-gallery-img-content eb-filter-img-\"><span class=\"eb-gallery-link-wrapper\"><img decoding=\"async\" class=\"eb-gallery-img\" src=\"https:\/\/dianadelajara.com\/wp-content\/uploads\/2025\/06\/image00009.jpeg\" image-index=\"19\" alt=\"Pomeranian Merl\u00e9 - Diana de la Jara\"\/><\/span><\/a><a href=\"https:\/\/dianadelajara.com\/wp-content\/uploads\/2025\/06\/image00008.jpeg\" rel=\"noopener\" data-fslightbox=\"gallery\" data-type=\"image\" class=\"eb-gallery-img-content eb-filter-img-\"><span class=\"eb-gallery-link-wrapper\"><img decoding=\"async\" class=\"eb-gallery-img\" src=\"https:\/\/dianadelajara.com\/wp-content\/uploads\/2025\/06\/image00008.jpeg\" image-index=\"20\" alt=\"Pomeranian Merl\u00e9 - Diana de la Jara\"\/><\/span><\/a><a href=\"https:\/\/dianadelajara.com\/wp-content\/uploads\/2025\/06\/image00007.jpeg\" rel=\"noopener\" data-fslightbox=\"gallery\" data-type=\"image\" class=\"eb-gallery-img-content eb-filter-img-\"><span class=\"eb-gallery-link-wrapper\"><img decoding=\"async\" class=\"eb-gallery-img\" src=\"https:\/\/dianadelajara.com\/wp-content\/uploads\/2025\/06\/image00007.jpeg\" image-index=\"21\" alt=\"Pomeranian Merl\u00e9 - Diana de la Jara\"\/><\/span><\/a><a href=\"https:\/\/dianadelajara.com\/wp-content\/uploads\/2025\/06\/image00006.jpeg\" rel=\"noopener\" data-fslightbox=\"gallery\" data-type=\"image\" class=\"eb-gallery-img-content eb-filter-img-\"><span class=\"eb-gallery-link-wrapper\"><img decoding=\"async\" class=\"eb-gallery-img\" src=\"https:\/\/dianadelajara.com\/wp-content\/uploads\/2025\/06\/image00006.jpeg\" image-index=\"22\" alt=\"Pomeranian Merl\u00e9 - Diana de la Jara\"\/><\/span><\/a><a href=\"https:\/\/dianadelajara.com\/wp-content\/uploads\/2025\/05\/pomerania-diana-de-la-jara.jpg\" rel=\"noopener\" data-fslightbox=\"gallery\" data-type=\"image\" class=\"eb-gallery-img-content eb-filter-img-\"><span class=\"eb-gallery-link-wrapper\"><img decoding=\"async\" class=\"eb-gallery-img\" src=\"https:\/\/dianadelajara.com\/wp-content\/uploads\/2025\/05\/pomerania-diana-de-la-jara.jpg\" image-index=\"23\" alt=\"pomerania diana de la jara\"\/><\/span><\/a><a href=\"https:\/\/dianadelajara.com\/wp-content\/uploads\/2025\/05\/pomerania-diana-de-la-jara-6.jpg\" rel=\"noopener\" data-fslightbox=\"gallery\" data-type=\"image\" class=\"eb-gallery-img-content eb-filter-img-\"><span class=\"eb-gallery-link-wrapper\"><img decoding=\"async\" class=\"eb-gallery-img\" src=\"https:\/\/dianadelajara.com\/wp-content\/uploads\/2025\/05\/pomerania-diana-de-la-jara-6.jpg\" image-index=\"24\" alt=\"pomerania diana de la jara 4\"\/><\/span><\/a><a href=\"https:\/\/dianadelajara.com\/wp-content\/uploads\/2025\/05\/pomerania-diana-de-la-jara-5.jpg\" rel=\"noopener\" data-fslightbox=\"gallery\" data-type=\"image\" class=\"eb-gallery-img-content eb-filter-img-\"><span class=\"eb-gallery-link-wrapper\"><img decoding=\"async\" class=\"eb-gallery-img\" src=\"https:\/\/dianadelajara.com\/wp-content\/uploads\/2025\/05\/pomerania-diana-de-la-jara-5.jpg\" image-index=\"25\" alt=\"pomerania diana de la jara 4\"\/><\/span><\/a><a href=\"https:\/\/dianadelajara.com\/wp-content\/uploads\/2025\/05\/pomerania-diana-de-la-jara-4.jpg\" rel=\"noopener\" data-fslightbox=\"gallery\" data-type=\"image\" class=\"eb-gallery-img-content eb-filter-img-\"><span class=\"eb-gallery-link-wrapper\"><img decoding=\"async\" class=\"eb-gallery-img\" src=\"https:\/\/dianadelajara.com\/wp-content\/uploads\/2025\/05\/pomerania-diana-de-la-jara-4.jpg\" image-index=\"26\" alt=\"pomerania diana de la jara 4\"\/><\/span><\/a><a href=\"https:\/\/dianadelajara.com\/wp-content\/uploads\/2025\/05\/pomerania-diana-de-la-jara-2.jpg\" rel=\"noopener\" data-fslightbox=\"gallery\" data-type=\"image\" class=\"eb-gallery-img-content eb-filter-img-\"><span class=\"eb-gallery-link-wrapper\"><img decoding=\"async\" class=\"eb-gallery-img\" src=\"https:\/\/dianadelajara.com\/wp-content\/uploads\/2025\/05\/pomerania-diana-de-la-jara-2.jpg\" image-index=\"27\" alt=\"pomerania diana de la jara 2\"\/><\/span><\/a><a href=\"https:\/\/dianadelajara.com\/wp-content\/uploads\/2025\/05\/pomerania-diana-de-la-jara-3.jpg\" rel=\"noopener\" data-fslightbox=\"gallery\" data-type=\"image\" class=\"eb-gallery-img-content eb-filter-img-\"><span class=\"eb-gallery-link-wrapper\"><img decoding=\"async\" class=\"eb-gallery-img\" src=\"https:\/\/dianadelajara.com\/wp-content\/uploads\/2025\/05\/pomerania-diana-de-la-jara-3.jpg\" image-index=\"28\" alt=\"pomerania diana de la jara 3\"\/><\/span><\/a><a href=\"https:\/\/dianadelajara.com\/wp-content\/uploads\/2025\/02\/cachorro-criadero-diana-de-la-jara-4.jpg\" rel=\"noopener\" data-fslightbox=\"gallery\" data-type=\"image\" class=\"eb-gallery-img-content eb-filter-img-\"><span class=\"eb-gallery-link-wrapper\"><img decoding=\"async\" class=\"eb-gallery-img\" src=\"https:\/\/dianadelajara.com\/wp-content\/uploads\/2025\/02\/cachorro-criadero-diana-de-la-jara-4.jpg\" image-index=\"29\" alt=\"\"\/><\/span><\/a><a href=\"https:\/\/dianadelajara.com\/wp-content\/uploads\/2024\/11\/lulu-de-pomerania-cachorro-diana-de-la-jara-1.jpg\" rel=\"noopener\" data-fslightbox=\"gallery\" data-type=\"image\" class=\"eb-gallery-img-content eb-filter-img-\"><span class=\"eb-gallery-link-wrapper\"><img decoding=\"async\" class=\"eb-gallery-img\" src=\"https:\/\/dianadelajara.com\/wp-content\/uploads\/2024\/11\/lulu-de-pomerania-cachorro-diana-de-la-jara-1.jpg\" image-index=\"30\" alt=\"lulu de pomerania puppy - diana de la jara (1)\"\/><\/span><\/a><a href=\"https:\/\/dianadelajara.com\/wp-content\/uploads\/2024\/11\/lulu-de-pomerania-cachorro-diana-de-la-jara-2.jpg\" rel=\"noopener\" data-fslightbox=\"gallery\" data-type=\"image\" class=\"eb-gallery-img-content eb-filter-img-\"><span class=\"eb-gallery-link-wrapper\"><img decoding=\"async\" class=\"eb-gallery-img\" src=\"https:\/\/dianadelajara.com\/wp-content\/uploads\/2024\/11\/lulu-de-pomerania-cachorro-diana-de-la-jara-2.jpg\" image-index=\"31\" alt=\"\"\/><\/span><\/a><a href=\"https:\/\/dianadelajara.com\/wp-content\/uploads\/2024\/11\/pomerania-toy.jpg\" rel=\"noopener\" data-fslightbox=\"gallery\" data-type=\"image\" class=\"eb-gallery-img-content eb-filter-img-\"><span class=\"eb-gallery-link-wrapper\"><img decoding=\"async\" class=\"eb-gallery-img\" src=\"https:\/\/dianadelajara.com\/wp-content\/uploads\/2024\/11\/pomerania-toy.jpg\" image-index=\"32\" alt=\"\"\/><\/span><\/a><a href=\"https:\/\/dianadelajara.com\/wp-content\/uploads\/2024\/11\/pomerania-puppy.jpg\" rel=\"noopener\" data-fslightbox=\"gallery\" data-type=\"image\" class=\"eb-gallery-img-content eb-filter-img-\"><span class=\"eb-gallery-link-wrapper\"><img decoding=\"async\" class=\"eb-gallery-img\" src=\"https:\/\/dianadelajara.com\/wp-content\/uploads\/2024\/11\/pomerania-puppy.jpg\" image-index=\"33\" alt=\"\"\/><\/span><\/a><a href=\"https:\/\/dianadelajara.com\/wp-content\/uploads\/2024\/11\/pomerania-puppies-e1730917198673.jpg\" rel=\"noopener\" data-fslightbox=\"gallery\" data-type=\"image\" class=\"eb-gallery-img-content eb-filter-img-\"><span class=\"eb-gallery-link-wrapper\"><img decoding=\"async\" class=\"eb-gallery-img\" src=\"https:\/\/dianadelajara.com\/wp-content\/uploads\/2024\/11\/pomerania-puppies-e1730917198673.jpg\" image-index=\"34\" alt=\"pomeranian puppies\"\/><\/span><\/a><a href=\"https:\/\/dianadelajara.com\/wp-content\/uploads\/2024\/11\/pomerania-lobo.jpg\" rel=\"noopener\" data-fslightbox=\"gallery\" data-type=\"image\" class=\"eb-gallery-img-content eb-filter-img-\"><span class=\"eb-gallery-link-wrapper\"><img decoding=\"async\" class=\"eb-gallery-img\" src=\"https:\/\/dianadelajara.com\/wp-content\/uploads\/2024\/11\/pomerania-lobo.jpg\" image-index=\"35\" alt=\"\"\/><\/span><\/a><a href=\"https:\/\/dianadelajara.com\/wp-content\/uploads\/2024\/04\/pomerania-diana-de-la-jara.jpg\" rel=\"noopener\" data-fslightbox=\"gallery\" data-type=\"image\" class=\"eb-gallery-img-content eb-filter-img-\"><span class=\"eb-gallery-link-wrapper\"><img decoding=\"async\" class=\"eb-gallery-img\" src=\"https:\/\/dianadelajara.com\/wp-content\/uploads\/2024\/04\/pomerania-diana-de-la-jara.jpg\" image-index=\"36\" alt=\"pomerania diana de la jara\"\/><\/span><\/a><\/div><\/div><\/div>\n\n\n\n<p>Welcome to our spectacular gallery of&nbsp;<strong>photos Pomerania<\/strong>where you can discover the tenderness, elegance and joy that characterise the puppies and adults of this fascinating breed. If you are looking for&nbsp;<strong>photos Pomerania<\/strong>&nbsp;to get to know these doggies better, get inspired or just enjoy the adorable images, you've come to the right place.<\/p>\n\n\n\n<h2 class=\"wp-block-heading\" id=\"pomerania-una-raza-con-encanto\">Pomeranian: A Charming Breed<\/h2>\n\n\n\n<p>The\u00a0<strong>Pomeranian<\/strong>also known as <em>German Dwarf Spitz<\/em> o <em>Lulu the Pomeranian<\/em>is one of the most popular small dog breeds in the world. Its cuddly appearance, fan-shaped tail and lively character make it an ideal companion for families and single people alike. In our gallery of\u00a0<strong>photos Pomerania<\/strong>\u00a0you will be able to appreciate every detail of these little ones: their fluffy fur, their expressive eyes and their always cheerful attitude.<\/p>\n\n\n\n<h2 class=\"wp-block-heading\" id=\"por-qu-ver-fotos-pomerania\">Why View Pomeranian Photos?<\/h2>\n\n\n\n<p>Behold\u00a0<strong>photos Pomerania<\/strong>\u00a0is an experience that brightens up the day. Each image captures the essence of the breed: its tenderness, its energy and its ability to transmit emotions with just a look. At Diana de la Jara Kennel, we pride ourselves on <a href=\"https:\/\/dianadelajara.com\/en\/hatchery\/pomeranian-kennel\/\" data-type=\"page\" data-id=\"4608\">breeding Pomeranias<\/a> healthy, balanced and happy, cared for with the utmost respect and professionalism. Our gallery of\u00a0<strong>photos Pomerania<\/strong>\u00a0is the best testimony of our work and the quality of our puppies.<\/p>\n\n\n\n<h2 class=\"wp-block-heading\" id=\"colores-y-variaciones-en-nuestra-galera-de-fotos-p\">Colours and Variations in our Pomeranian Photo Gallery<\/h2>\n\n\n\n<p>One of the most fascinating characteristics of the Pomeranian is the variety of colours and patterns it can present. In our gallery of&nbsp;<strong>photos Pomerania<\/strong>&nbsp;you will find specimens in colours as diverse as:<\/p>\n\n\n\n<ul class=\"wp-block-list\">\n<li><strong>Orange<\/strong>The most iconic and popular colour, emphasising the beauty and character of the Pomeranian.<\/li>\n\n\n\n<li><strong>White<\/strong>Pure and luminous coat, ideal for those who are looking for an elegant and delicate little dog.<\/li>\n\n\n\n<li><strong>Black<\/strong>A classic and sophisticated colour, which adds a touch of distinction.<\/li>\n\n\n\n<li><strong>Cream<\/strong>A soft and warm tone, perfect for those who prefer a discreet and sweet Pomeranian.<\/li>\n\n\n\n<li><strong>Sabre<\/strong>brindle pattern with light and dark shades, which gives a unique appearance to each specimen.<\/li>\n<\/ul>\n\n\n\n<p>Each of our&nbsp;<strong>photos Pomerania<\/strong>&nbsp;shows the diversity and charm of the breed, allowing you to appreciate the differences and similarities between the various colours and patterns.<\/p>\n\n\n\n<h2 class=\"wp-block-heading\" id=\"el-da-a-da-de-los-cachorros-fotos-pomerania-en-acc\">Pomeranian Puppies Day by Day: Pomeranian in Action Photos<\/h2>\n\n\n\n<p>At Diana de la Jara Kennel, we offer our Pomeranian puppies a safe, stimulating and loving environment. Our gallery of&nbsp;<strong>photos Pomerania<\/strong>&nbsp;includes images of the little ones exploring, playing, interacting with other dogs and being cared for and cuddled by our professional team.<\/p>\n\n\n\n<p>See&nbsp;<strong>photos Pomerania<\/strong>&nbsp;in their first days of life, learning to walk, discovering their environment and socialising with other puppies. You will also find images of Pomeranias participating in basic training sessions, enjoying moments of relaxation and showing their curious and cheerful character.<\/p>\n\n\n\n<h2 class=\"wp-block-heading\" id=\"cmo-elegir-el-pomerania-perfecto-las-fotos-pomeran\">How to Choose the Perfect Pomeranian? Pomeranian Photos Help You<\/h2>\n\n\n\n<p>If you're thinking of adopting or buying a Pomeranian, our gallery of&nbsp;<strong>photos Pomerania<\/strong>&nbsp;is an essential tool. Observing puppies in different situations will give you an insight into their personality, energy level and adaptation to their environment.<\/p>\n\n\n\n<p>At Diana de la Jara Kennel, we carefully select each of our Pomeranians, ensuring that they meet breed standards and are healthy, balanced and sociable. Our&nbsp;<strong>photos Pomerania<\/strong>&nbsp;will help you identify the puppy that best suits your lifestyle and expectations.<\/p>\n\n\n\n<h2 class=\"wp-block-heading\" id=\"pomerania-cuidados-y-curiosidades\">Pomeranian: Care and Curiosities<\/h2>\n\n\n\n<p>The Pomeranian is a low-maintenance breed, but requires specific care to ensure its well-being. In our gallery of&nbsp;<strong>photos Pomerania<\/strong>&nbsp;you will find pictures illustrating grooming, feeding, walking and playtime, as well as practical advice on how to care for your Pomeranian at home.<\/p>\n\n\n\n<p>Some curious facts about the Pomeranian that you can appreciate in our&nbsp;<strong>photos Pomerania<\/strong>:<\/p>\n\n\n\n<ul class=\"wp-block-list\">\n<li><strong>Temperament<\/strong>They are cheerful, affectionate and very sociable dogs, ideal for family life.<\/li>\n\n\n\n<li><strong>Activity<\/strong>: Although they are small, they are very energetic and enjoy short walks and games at home.<\/li>\n\n\n\n<li><strong>Health<\/strong>They require special attention to their coat and dental health, due to their size and morphology.<\/li>\n\n\n\n<li><strong>Coexistence<\/strong>They get on well with children, adults and other pets, provided they are accustomed to them from an early age.<\/li>\n<\/ul>\n\n\n\n<h2 class=\"wp-block-heading\" id=\"fotos-pomerania-un-recuerdo-para-toda-la-vida\">Pomeranian Photos: A Lifelong Memory<\/h2>\n\n\n\n<p>The Pomeranian is a life companion, a faithful friend who fills every day with joy. At Diana de la Jara Kennel, we are excited to share our gallery of Pomeranians.&nbsp;<strong>photos Pomerania<\/strong>&nbsp;with all breed lovers. Each image is a unique memory, a moment of happiness that you can enjoy again and again.<\/p>\n\n\n\n<p>We invite you to explore our collection of&nbsp;<strong>photos Pomerania<\/strong>Please feel free to share your favourites and contact us if you would like more information about our available puppies. We are committed to responsible breeding and to the welfare of each of our Pomeranians.<\/p>\n\n\n\n<h2 class=\"wp-block-heading\" id=\"por-qu-elegir-el-criadero-diana-de-la-jara\">Why Choose Diana de la Jara Kennel?<\/h2>\n\n\n\n<p>At Diana de la Jara Kennel, passion for the Pomeranian is our raison d'\u00eatre. We are dedicated to professional and ethical breeding, following the highest standards of quality and animal welfare. Our gallery of&nbsp;<strong>photos Pomerania<\/strong>&nbsp;is the best letter of presentation of our work and our commitment to the breed.<\/p>\n\n\n\n<p>When you are looking for&nbsp;<strong>photos Pomerania<\/strong>Remember that behind every picture there is a story of care, dedication and love. We invite you to meet our puppies, to visit our kennel and to be part of the big family of Pomeranian lovers.<\/p>\n\n\n\n<h2 class=\"wp-block-heading\" id=\"conclusin\">Conclusion<\/h2>\n\n\n\n<p>The gallery of&nbsp;<strong>photos Pomerania<\/strong>&nbsp;Diana de la Jara Kennel is a window to the world of these adorable puppies, an opportunity to discover the magic of the breed and to fall in love with each one of our puppies. Explore our images, share your experience and let yourself be captivated by the tenderness and character of the Pomeranian, we are waiting for you at Diana de la Jara Kennel!<\/p>\n\n\n\n<p>This text is optimised for the keyword \"Pomeranian photos\", includes useful information, clear structure and calls to action, and reinforces the authority of the Diana de la Jara cattery in SEO positioning.<\/p>","protected":false},"excerpt":{"rendered":"<p>Galer\u00eda de fotos Pomerania, las \u00faltimas fotos tomadas a nuestros cachorritos de Pomerania, tambi\u00e9n conocidos como Lul\u00fa de Pomerania. Bienvenido a nuestra espectacular galer\u00eda de&nbsp;fotos Pomerania, donde podr\u00e1s descubrir la ternura, la elegancia y la alegr\u00eda que caracterizan a los &#8230; <a title=\"Photos Pomerania\" class=\"read-more\" href=\"https:\/\/dianadelajara.com\/en\/pomeranian-photos\/\" aria-label=\"Read more about Pomeranian Photos\">Read more<\/a><\/p>","protected":false},"author":1,"featured_media":0,"parent":0,"menu_order":0,"comment_status":"closed","ping_status":"closed","template":"","meta":{"_eb_attr":"","Raza":"","Precio":"","Sexo":"","Color":"","Tama\u00f1o":"","Fecha_Nacimiento":"","Entrega_Edad":"","ID_Nocodb":"","footnotes":""},"class_list":["post-7108","page","type-page","status-publish"],"_links":{"self":[{"href":"https:\/\/dianadelajara.com\/en\/wp-json\/wp\/v2\/pages\/7108","targetHints":{"allow":["GET"]}}],"collection":[{"href":"https:\/\/dianadelajara.com\/en\/wp-json\/wp\/v2\/pages"}],"about":[{"href":"https:\/\/dianadelajara.com\/en\/wp-json\/wp\/v2\/types\/page"}],"author":[{"embeddable":true,"href":"https:\/\/dianadelajara.com\/en\/wp-json\/wp\/v2\/users\/1"}],"replies":[{"embeddable":true,"href":"https:\/\/dianadelajara.com\/en\/wp-json\/wp\/v2\/comments?post=7108"}],"version-history":[{"count":0,"href":"https:\/\/dianadelajara.com\/en\/wp-json\/wp\/v2\/pages\/7108\/revisions"}],"wp:attachment":[{"href":"https:\/\/dianadelajara.com\/en\/wp-json\/wp\/v2\/media?parent=7108"}],"curies":[{"name":"wp","href":"https:\/\/api.w.org\/{rel}","templated":true}]}}