{"id":3,"date":"2024-04-26T22:16:09","date_gmt":"2024-04-26T20:16:09","guid":{"rendered":"https:\/\/dianadelajara.com\/?page_id=3"},"modified":"2025-10-13T23:53:35","modified_gmt":"2025-10-13T21:53:35","slug":"politica-de-privacidad","status":"publish","type":"page","link":"https:\/\/dianadelajara.com\/en\/privacy-policy\/","title":{"rendered":"Privacy policy"},"content":{"rendered":"<p>At <strong>Diana de la Jara Kennel<\/strong> we are committed to protecting the personal data of our users. This policy explains how we collect, use and protect information about visitors to our website.<\/p>\n<h2>General Information<\/h2>\n<p>Company name: <strong>Diana de la Jara Kennel<\/strong><\/p>\n<p>Address: Calle Molino, 7, 18640 Padul, Granada<\/p>\n<p>Contact email: criaderocaninodianadelajara@gmail.com<\/p>\n<p>NIF: <span class=\"fontstyle0\">38547662F<\/span>\u00a0<\/p>\n<p>Web address: <a href=\"https:\/\/dianadelajara.com\/en\/\">https:\/\/dianadelajara.com<\/a><\/p>\n<h2>Collection and Use of Personal Data<\/h2>\n<p>On our website, we only collect the personal data necessary to provide you with the best possible experience. We use the content management platform <strong>WordPress<\/strong>which may collect certain technical data, as explained below.<\/p>\n<h3>Data We Collect Automatically<\/h3>\n<p>When you visit our website, certain technical information is automatically collected, such as IP address, browser type and device used. This data is managed by WordPress and helps us to improve how our site works.<\/p>\n<h3>Information Collected Through Forms<\/h3>\n<p>If you choose to contact us via a form on our website, we will only ask you for the information that is strictly necessary to respond to your enquiry. We do not share this information with third parties and use it for communication purposes only.<\/p>\n<h2>Use of Images and Content Related to Our Dogs<\/h2>\n<p>At <strong>Diana de la Jara Kennel<\/strong> We publish pictures and descriptions of our dogs to show our visitors the breeds we breed. All pictures and descriptions of our dogs are the sole property of the kennel and are published for information purposes only.<\/p>\n<h2>Cookies<\/h2>\n<p>Our website may use cookies to enhance the user experience. Cookies are small data files that are stored on your device when you visit our site. You can disable cookies at any time through your browser settings. For more information, we recommend that you visit our website at <a href=\"https:\/\/dianadelajara.com\/en\/cookie-policy\/\">cookies policy<\/a>.<\/p>\n<h2>Data Security<\/h2>\n<p>We are committed to protecting the personal data of our users and to implementing technical and organisational security measures to prevent their loss, alteration or unauthorised access.<\/p>\n<h2>User Rights<\/h2>\n<p>As a user, you have the right to access, rectify or request deletion of your personal data at any time. To exercise these rights, please contact us by sending an email to criaderocaninodianadelajara@gmail.com .<\/p>\n<h2>Changes to the Privacy Policy<\/h2>\n<p>We reserve the right to modify this privacy policy at any time to adapt it to future legal developments or changes in our data management. Updates will be posted on this page, so please check back periodically.<\/p>\n<h2>Contact<\/h2>\n<p>If you have any questions about this privacy policy or the use of your personal data, please do not hesitate to contact us by email at criaderocaninodianadelajara@gmail.com or on our <a href=\"https:\/\/dianadelajara.com\/en\/contact\/\">contact page<\/a>\u00a0indicating the word \"Privacy\" in the subject line of the form.<\/p>\n\n\n<p><\/p>","protected":false},"excerpt":{"rendered":"<p>En Criadero Canino Diana de la Jara estamos comprometidos con la protecci\u00f3n de los datos personales de nuestros usuarios. Esta pol\u00edtica explica c\u00f3mo recopilamos, utilizamos y protegemos la informaci\u00f3n de quienes visitan nuestro sitio web. Informaci\u00f3n General Raz\u00f3n social: Criadero &#8230; <a title=\"Privacy policy\" class=\"read-more\" href=\"https:\/\/dianadelajara.com\/en\/privacy-policy\/\" aria-label=\"Read more about Privacy Policy\">Read more<\/a><\/p>","protected":false},"author":1,"featured_media":0,"parent":0,"menu_order":0,"comment_status":"closed","ping_status":"open","template":"","meta":{"_eb_attr":"","Raza":"","Precio":"","Sexo":"","Color":"","Tama\u00f1o":"","Fecha_Nacimiento":"","Entrega_Edad":"","ID_Nocodb":"","footnotes":""},"class_list":["post-3","page","type-page","status-publish"],"_links":{"self":[{"href":"https:\/\/dianadelajara.com\/en\/wp-json\/wp\/v2\/pages\/3","targetHints":{"allow":["GET"]}}],"collection":[{"href":"https:\/\/dianadelajara.com\/en\/wp-json\/wp\/v2\/pages"}],"about":[{"href":"https:\/\/dianadelajara.com\/en\/wp-json\/wp\/v2\/types\/page"}],"author":[{"embeddable":true,"href":"https:\/\/dianadelajara.com\/en\/wp-json\/wp\/v2\/users\/1"}],"replies":[{"embeddable":true,"href":"https:\/\/dianadelajara.com\/en\/wp-json\/wp\/v2\/comments?post=3"}],"version-history":[{"count":1,"href":"https:\/\/dianadelajara.com\/en\/wp-json\/wp\/v2\/pages\/3\/revisions"}],"predecessor-version":[{"id":8829,"href":"https:\/\/dianadelajara.com\/en\/wp-json\/wp\/v2\/pages\/3\/revisions\/8829"}],"wp:attachment":[{"href":"https:\/\/dianadelajara.com\/en\/wp-json\/wp\/v2\/media?parent=3"}],"curies":[{"name":"wp","href":"https:\/\/api.w.org\/{rel}","templated":true}]}}